{"id":3147,"date":"2025-11-19T19:30:02","date_gmt":"2025-11-19T18:30:02","guid":{"rendered":"https:\/\/www.countrylife.at\/tgm2\/?page_id=3147"},"modified":"2025-11-26T20:15:48","modified_gmt":"2025-11-26T19:15:48","slug":"faith-camp-2026","status":"publish","type":"page","link":"http:\/\/www.countrylife.at\/tgm2\/faith-camp-2026\/","title":{"rendered":"Faith Camp 2026"},"content":{"rendered":"<div id=\"pl-3147\"  class=\"panel-layout\" ><div id=\"pg-3147-0\"  class=\"panel-grid panel-no-style\" ><div id=\"pgc-3147-0-0\"  class=\"panel-grid-cell\" ><div id=\"panel-3147-0-0-0\" class=\"so-panel widget widget_media_image panel-first-child panel-last-child\" data-index=\"0\" ><img width=\"1200\" height=\"420\" src=\"http:\/\/www.countrylife.at\/tgm2\/wp-content\/uploads\/2025\/11\/faithcamp_banner_2026.jpg\" class=\"image wp-image-3148  attachment-full size-full\" alt=\"\" loading=\"lazy\" style=\"max-width: 100%; height: auto;\" srcset=\"http:\/\/www.countrylife.at\/tgm2\/wp-content\/uploads\/2025\/11\/faithcamp_banner_2026.jpg 1200w, http:\/\/www.countrylife.at\/tgm2\/wp-content\/uploads\/2025\/11\/faithcamp_banner_2026-300x105.jpg 300w, http:\/\/www.countrylife.at\/tgm2\/wp-content\/uploads\/2025\/11\/faithcamp_banner_2026-1024x358.jpg 1024w, http:\/\/www.countrylife.at\/tgm2\/wp-content\/uploads\/2025\/11\/faithcamp_banner_2026-768x269.jpg 768w, http:\/\/www.countrylife.at\/tgm2\/wp-content\/uploads\/2025\/11\/faithcamp_banner_2026-500x175.jpg 500w, http:\/\/www.countrylife.at\/tgm2\/wp-content\/uploads\/2025\/11\/faithcamp_banner_2026-800x280.jpg 800w\" sizes=\"(max-width: 1200px) 100vw, 1200px\" \/><\/div><\/div><\/div><div id=\"pg-3147-1\"  class=\"panel-grid panel-no-style\" ><div id=\"pgc-3147-1-0\"  class=\"panel-grid-cell\" ><div id=\"panel-3147-1-0-0\" class=\"so-panel widget widget_sow-editor panel-first-child panel-last-child\" data-index=\"1\" ><div class=\"so-widget-sow-editor so-widget-sow-editor-base\">\n<div class=\"siteorigin-widget-tinymce textwidget\">\n\t<h2 style=\"text-align: center;\">Faith Camp (mit Jesus for Asia)<\/h2>\n<\/div>\n<\/div><\/div><\/div><\/div><div id=\"pg-3147-2\"  class=\"panel-grid panel-no-style\" ><div id=\"pgc-3147-2-0\"  class=\"panel-grid-cell\" ><div id=\"panel-3147-2-0-0\" class=\"so-panel widget widget_sow-editor panel-first-child panel-last-child\" data-index=\"2\" ><div class=\"so-widget-sow-editor so-widget-sow-editor-base\"><h3 class=\"widget-title\">Termin: 17. - 20. September 2026<\/h3>\n<div class=\"siteorigin-widget-tinymce textwidget\">\n\t<p>Mit Jon and Natalie Wood, Gayle Haberkam, and Tim Maddocks (Frontlinemissionare in Asien):<\/p>\n<p>Motivierend und aufr\u00fcttelnd - erstaunliche F\u00fchrungen Gottes - Faith living.<br \/>\nIdeal auch f\u00fcr Tagesg\u00e4ste<\/p>\n<p><strong>WAS IST DAS FAITHCAMP?<\/strong><\/p>\n<ul>\n<li>Eine Reihe von inspirierenden Treffen f\u00fcr alle Altersgruppen, verteilt \u00fcber mehrere Tage<\/li>\n<li>Ein Ort, an dem Missionare an vorderster Front ihre Erfahrungen und ihren Glaubensweg teilen k\u00f6nnen<\/li>\n<li>Leckeres Essen<\/li>\n<li>Gemeinschaft mit Missionaren und Freunden<\/li>\n<\/ul>\n<p><strong>WARUM DU DABEI SEIN SOLLST:<\/strong><\/p>\n<p>FAITHCAMP ist eine Veranstaltung f\u00fcr alle Altersgruppen, bei dem du erstaunliche Geschichten von Missionaren in Asien h\u00f6rst, lernst, wie dein Glaube w\u00e4chst, dich darauf vorbereitest, f\u00fcr Jesus einzustehen, und dich inspirieren l\u00e4sst, dich an Gottes Werk zu beteiligen, indem du Jesus mit denen teilst, die es n\u00f6tig haben, ihn zu h\u00f6ren!<\/p>\n<p><strong>JESUS FOR ASIA IST:<\/strong><\/p>\n<p>Ein unterst\u00fctzendes Missionswerk der Kirche der Siebenten-Tags-Adventisten.<br \/>\nASI-Mitglied seit 2007<\/p>\n<p>Weitere Infos auf den Websites:<\/p>\n<ul>\n<li><a href=\"https:\/\/faithcamp.org\/?sender_campaign=b8xp3j&amp;sender_ctype=email&amp;sender_customer=3QOWkwp&amp;utm_campaign=TGM%20Newsletter%20#3%20-%202024%20Veranstaltungen&amp;utm_medium=email&amp;utm_source=newsletter\" target=\"_blank\" rel=\"noopener\">Faith Camp<\/a><\/li>\n<li><a href=\"https:\/\/www.jesus4asia.org\/\" target=\"_blank\" rel=\"noopener\">Jesus for Asia<\/a><\/li>\n<\/ul>\n<table width=\"0\">\n<tbody>\n<tr>\n<td colspan=\"3\" width=\"677\"><strong><u>Programm<br \/>\n<\/u><\/strong><\/td>\n<\/tr>\n<tr>\n<td colspan=\"3\" width=\"677\"><\/td>\n<\/tr>\n<tr>\n<td width=\"250\">Donnerstag, 17. September 2026<\/td>\n<td width=\"200\">19:00 Uhr<\/td>\n<td>Thema 1<\/td>\n<\/tr>\n<tr>\n<td>Freitag, 18. September 2026<\/td>\n<td>09:15 Uhr<\/td>\n<td>Thema 2<\/td>\n<\/tr>\n<tr>\n<td>Sabbat, 19. September 2026<\/td>\n<td>11:00 Uhr<\/td>\n<td>Predigt (Thema 3)<\/td>\n<\/tr>\n<tr>\n<td>Sabbat, 19. September 2026<\/td>\n<td>15:00 Uhr - 17:00 Uhr<\/td>\n<td>Gebetsspaziergang<\/td>\n<\/tr>\n<tr>\n<td>Sabbat, 19. September 2026<\/td>\n<td>19:00 Uhr<\/td>\n<td>Thema 4<\/td>\n<\/tr>\n<tr>\n<td>Sonntag, 20. September 2026<\/td>\n<td>09:30 Uhr<\/td>\n<td>Thema 5<\/td>\n<\/tr>\n<tr>\n<td>Sonntag, 20. September 2026<\/td>\n<td>11:30 Uhr<\/td>\n<td>Thema 6<\/td>\n<\/tr>\n<\/tbody>\n<\/table>\n<figure id=\"attachment_3114\" aria-describedby=\"caption-attachment-3114\" style=\"width: 750px\" class=\"wp-caption aligncenter\"><a href=\"https:\/\/www.youtube.com\/watch?v=AWbkgAfj9Ak&amp;list=PLLk6fk-_A-Xa9PoElTXoyjgEAZGsm89X4&amp;index=1\" target=\"_blank\" rel=\"noopener\"><img loading=\"lazy\" class=\"wp-image-3114 size-large\" src=\"http:\/\/www.countrylife.at\/tgm2\/wp-content\/uploads\/2025\/09\/Full-HD-Thumbnail-mit-Play-Button-1024x576.jpg\" alt=\"\" width=\"750\" height=\"422\" srcset=\"http:\/\/www.countrylife.at\/tgm2\/wp-content\/uploads\/2025\/09\/Full-HD-Thumbnail-mit-Play-Button-1024x576.jpg 1024w, http:\/\/www.countrylife.at\/tgm2\/wp-content\/uploads\/2025\/09\/Full-HD-Thumbnail-mit-Play-Button-300x169.jpg 300w, http:\/\/www.countrylife.at\/tgm2\/wp-content\/uploads\/2025\/09\/Full-HD-Thumbnail-mit-Play-Button-768x432.jpg 768w, http:\/\/www.countrylife.at\/tgm2\/wp-content\/uploads\/2025\/09\/Full-HD-Thumbnail-mit-Play-Button-1536x864.jpg 1536w, http:\/\/www.countrylife.at\/tgm2\/wp-content\/uploads\/2025\/09\/Full-HD-Thumbnail-mit-Play-Button-500x281.jpg 500w, http:\/\/www.countrylife.at\/tgm2\/wp-content\/uploads\/2025\/09\/Full-HD-Thumbnail-mit-Play-Button-800x450.jpg 800w, http:\/\/www.countrylife.at\/tgm2\/wp-content\/uploads\/2025\/09\/Full-HD-Thumbnail-mit-Play-Button-1280x720.jpg 1280w, http:\/\/www.countrylife.at\/tgm2\/wp-content\/uploads\/2025\/09\/Full-HD-Thumbnail-mit-Play-Button.jpg 1920w\" sizes=\"(max-width: 750px) 100vw, 750px\" \/><\/a><figcaption id=\"caption-attachment-3114\" class=\"wp-caption-text\">FaithCamp 2025 - Jesus 4 Asia (Jesus for Asia) Playlist<\/figcaption><\/figure>\n<figure id=\"attachment_3096\" aria-describedby=\"caption-attachment-3096\" style=\"width: 750px\" class=\"wp-caption aligncenter\"><a href=\"https:\/\/www.youtube.com\/shorts\/LY1QJYCQnpg\" target=\"_blank\" rel=\"noopener\"><img loading=\"lazy\" class=\"wp-image-3096\" src=\"http:\/\/www.countrylife.at\/tgm2\/wp-content\/uploads\/2025\/08\/Video_tgm-video_faithcamp.jpg\" alt=\"\" width=\"750\" height=\"417\" srcset=\"http:\/\/www.countrylife.at\/tgm2\/wp-content\/uploads\/2025\/08\/Video_tgm-video_faithcamp.jpg 900w, http:\/\/www.countrylife.at\/tgm2\/wp-content\/uploads\/2025\/08\/Video_tgm-video_faithcamp-300x167.jpg 300w, http:\/\/www.countrylife.at\/tgm2\/wp-content\/uploads\/2025\/08\/Video_tgm-video_faithcamp-768x427.jpg 768w, http:\/\/www.countrylife.at\/tgm2\/wp-content\/uploads\/2025\/08\/Video_tgm-video_faithcamp-500x278.jpg 500w, http:\/\/www.countrylife.at\/tgm2\/wp-content\/uploads\/2025\/08\/Video_tgm-video_faithcamp-800x444.jpg 800w\" sizes=\"(max-width: 750px) 100vw, 750px\" \/><\/a><figcaption id=\"caption-attachment-3096\" class=\"wp-caption-text\">Video Faith Camp (Shorts)<\/figcaption><\/figure>\n<p>&nbsp;<\/p>\n<table width=\"0\">\n<tbody>\n<tr>\n<td colspan=\"4\" width=\"677\"><strong><u>Informationen Faith Camp<br \/>\n<\/u><\/strong><\/td>\n<\/tr>\n<tr>\n<td colspan=\"4\" width=\"677\"><\/td>\n<\/tr>\n<tr>\n<td style=\"vertical-align: top;\" width=\"137\"><strong>Termin<\/strong><\/td>\n<td style=\"vertical-align: top;\" width=\"140\">17.-20. Sept. 2026<\/td>\n<td colspan=\"2\" width=\"400\"><strong>Beginn:<\/strong><br \/>\nDo, 17. 9.<br \/>\n18:00 Abendessen<br \/>\n19:00 Thema 1<br \/>\n<strong>Ende:<\/strong><br \/>\nSo, 20. 9.<br \/>\n13:00 Mittagessen<\/td>\n<\/tr>\n<tr>\n<td width=\"137\">Anmeldeschluss:<\/td>\n<td width=\"140\">\n<div dir=\"auto\">\n<div>10. Sept. 2026<\/div>\n<\/div>\n<\/td>\n<td colspan=\"2\" width=\"400\"><\/td>\n<\/tr>\n<tr>\n<td width=\"137\"><\/td>\n<td width=\"140\"><\/td>\n<td colspan=\"2\" width=\"400\"><\/td>\n<\/tr>\n<tr>\n<td width=\"137\"><\/td>\n<td width=\"140\"><\/td>\n<td colspan=\"2\" width=\"400\"><\/td>\n<\/tr>\n<tr>\n<td width=\"137\"><strong>Preise<\/strong><\/td>\n<td width=\"140\"><\/td>\n<td colspan=\"2\" width=\"400\"><\/td>\n<\/tr>\n<tr>\n<td><span style=\"color: #339966;\"><strong>Tagesg\u00e4ste<\/strong><\/span><\/td>\n<td>Frei, Spenden erbeten<\/td>\n<td colspan=\"2\" width=\"400\">(Essenspakete buchbar)<\/td>\n<\/tr>\n<tr>\n<td style=\"color: #339966;\" width=\"137\"><strong>Sch\u00fcler\/Studenten ohne Einkommen im Haus<\/strong><\/td>\n<td width=\"140\"><strong>109,- \u20ac<\/strong><\/td>\n<td colspan=\"2\" width=\"400\">gesamtes WE inkl. Vollverpflegung<br \/>\n(Schlafsack, ohne Handt\u00fccher, ohne Bettw\u00e4sche)<\/td>\n<\/tr>\n<tr>\n<td style=\"color: #339966;\" width=\"137\"><strong>Sch\u00fcler\/Studenten ohne Einkommen im Zelt<\/strong><\/td>\n<td width=\"140\"><strong>99,- \u20ac<\/strong><\/td>\n<td colspan=\"2\" width=\"400\">gesamtes WE inkl. Vollverpflegung<\/td>\n<\/tr>\n<tr>\n<td style=\"color: #339966;\" width=\"137\"><strong>Erwachsene im Matratzenlager<\/strong><\/td>\n<td width=\"140\"><strong>130,- \u20ac<\/strong><\/td>\n<td colspan=\"2\" width=\"400\">gesamtes WE inkl. Vollverpflegung und Unterkunft bitte Schlafsack, Isomatte, Kopfkissen, Handtuch und Hausschuhe mitbringen<\/td>\n<\/tr>\n<tr>\n<td width=\"137\"><span style=\"color: #339966;\"><strong>Erwachsene (Verdiener) im Haus<\/strong><\/span><\/td>\n<td width=\"140\"><strong>209,- \u20ac<\/strong><\/td>\n<td colspan=\"2\" width=\"400\">gesamtes WE inkl. Vollverpflegung<br \/>\n(mit Bettw\u00e4sche)<\/td>\n<\/tr>\n<tr>\n<td style=\"color: #339966;\" width=\"137\"><strong>Erwachsene (Verdiener) im Camper<\/strong><\/td>\n<td width=\"140\"><strong>169,- \u20ac<\/strong><\/td>\n<td colspan=\"2\" width=\"400\">gesamtes WE inkl. Vollverpflegung<\/td>\n<\/tr>\n<tr>\n<td style=\"color: #339966;\" width=\"137\"><strong>Erwachsene (Verdiener) im Zelt<\/strong><\/td>\n<td width=\"140\"><strong>149,- \u20ac<\/strong><\/p>\n<p>&nbsp;<\/td>\n<td colspan=\"2\" width=\"400\">gesamtes WE inkl. Vollverpflegung<\/td>\n<\/tr>\n<tr>\n<td width=\"137\"><\/td>\n<td><\/td>\n<td colspan=\"2\" width=\"400\"><\/td>\n<\/tr>\n<tr>\n<td width=\"137\"><strong>Essenspakete f\u00fcr Tagesg\u00e4ste<\/strong><\/td>\n<td><\/td>\n<td colspan=\"2\" width=\"400\">(Essenspaket ist bei Haus- und Campingg\u00e4sten inkludiert)<\/td>\n<\/tr>\n<tr>\n<td width=\"137\">Essenspaket 1<br \/>\n(Erw. 12-99 J.)<\/td>\n<td width=\"140\"><strong>79,50 \u20ac<\/strong><\/td>\n<td width=\"221\">Fr\u00fchst\u00fcck, Mittag- und Abendessen<\/td>\n<td rowspan=\"5\" width=\"179\">Keine R\u00fcckverg\u00fctung bei Nichtteilnahme an gebuchten Mahlzeiten m\u00f6glich!<\/td>\n<\/tr>\n<tr>\n<td width=\"137\">Essenpaket 1<br \/>\n(Kind 3-11 J.)<\/td>\n<td width=\"140\"><strong>57,- \u20ac<\/strong><\/td>\n<td width=\"221\">Fr\u00fchst\u00fcck, Mittag- und Abendessen<\/td>\n<\/tr>\n<tr>\n<td width=\"137\">Essenpaket 2<br \/>\n(Erw. 12-99 J.)<\/td>\n<td width=\"140\"><strong>55,50 \u20ac<\/strong><\/td>\n<td width=\"221\">Mittag- und Abendessen<\/td>\n<\/tr>\n<tr>\n<td width=\"137\">Essenpaket 2<br \/>\n(Kind 3-11 J.)<\/td>\n<td width=\"140\"><strong>40,50 \u20ac<\/strong><\/td>\n<td width=\"221\">Mittag- und Abendessen<\/td>\n<\/tr>\n<tr>\n<td width=\"137\"><\/td>\n<td width=\"140\"><strong>\u00a0<\/strong><\/td>\n<td width=\"221\"><\/td>\n<\/tr>\n<\/tbody>\n<\/table>\n<p>&nbsp;<\/p>\n<\/div>\n<\/div><\/div><\/div><\/div><div id=\"pg-3147-3\"  class=\"panel-grid panel-no-style\" ><div id=\"pgc-3147-3-0\"  class=\"panel-grid-cell\" ><div id=\"panel-3147-3-0-0\" class=\"widget_text so-panel widget widget_custom_html panel-first-child panel-last-child\" data-index=\"3\" ><h3 class=\"widget-title\">Anmeldung<\/h3><div class=\"textwidget custom-html-widget\"><div class=\"everest-forms\"><div class=\"evf-container default\" id=\"evf-2626\"><form id=\"evf-form-2626\" class=\"everest-form\" data-formid=\"2626\" data-ajax_submission=\"0\" method=\"post\" enctype=\"multipart\/form-data\" action=\"\/tgm2\/wp-json\/wp\/v2\/pages\/3147\"><div class=\"evf-field-container\"><input type=\"hidden\" id=\"_wpnonce\" name=\"_wpnonce\" value=\"986c756969\" \/><input type=\"hidden\" name=\"_wp_http_referer\" value=\"\/tgm2\/wp-json\/wp\/v2\/pages\/3147\" \/><div class=\"evf-frontend-row\" data-row=\"row_1\"><div class=\"evf-frontend-grid evf-grid-2\" data-grid=\"grid_1\"><div id=\"evf-2626-field_fullname-container\" class=\"evf-field evf-field-text form-row validate-required\" data-required-field-message=\"Dieses Feld muss ausgef\u00fcllt sein.\" data-field-id=\"fullname\"><label class=\"evf-field-label\" for=\"evf-2626-field_fullname\"><span class=\"evf-label\">Vorname, Nachname<\/span> <abbr class=\"required\" title=\"Required\">*<\/abbr><\/label><input type=\"text\" id=\"evf-2626-field_fullname\" class=\"input-text\" name=\"everest_forms[form_fields][fullname]\" required><\/div><div id=\"evf-2626-field_PHXWQNpwvo-1-container\" class=\"evf-field evf-field-text form-row validate-required\" data-required-field-message=\"Dieses Feld muss ausgef\u00fcllt sein.\" data-field-id=\"PHXWQNpwvo-1\"><label class=\"evf-field-label\" for=\"evf-2626-field_PHXWQNpwvo-1\"><span class=\"evf-label\">Stra\u00dfe, Nr.<\/span> <abbr class=\"required\" title=\"Required\">*<\/abbr><\/label><input type=\"text\" id=\"evf-2626-field_PHXWQNpwvo-1\" class=\"input-text\" name=\"everest_forms[form_fields][PHXWQNpwvo-1]\" required><\/div><div id=\"evf-2626-field_Z2wDZYYedN-2-container\" class=\"evf-field evf-field-text form-row validate-required\" data-required-field-message=\"Dieses Feld muss ausgef\u00fcllt sein.\" data-field-id=\"Z2wDZYYedN-2\"><label class=\"evf-field-label\" for=\"evf-2626-field_Z2wDZYYedN-2\"><span class=\"evf-label\">PLZ, Ort<\/span> <abbr class=\"required\" title=\"Required\">*<\/abbr><\/label><input type=\"text\" id=\"evf-2626-field_Z2wDZYYedN-2\" class=\"input-text\" name=\"everest_forms[form_fields][Z2wDZYYedN-2]\" required><\/div><div id=\"evf-2626-field_tGoIFvW4Zd-3-container\" class=\"evf-field evf-field-text form-row validate-required\" data-required-field-message=\"Dieses Feld muss ausgef\u00fcllt sein.\" data-field-id=\"tGoIFvW4Zd-3\"><label class=\"evf-field-label\" for=\"evf-2626-field_tGoIFvW4Zd-3\"><span class=\"evf-label\">Land<\/span> <abbr class=\"required\" title=\"Required\">*<\/abbr><\/label><input type=\"text\" id=\"evf-2626-field_tGoIFvW4Zd-3\" class=\"input-text\" name=\"everest_forms[form_fields][tGoIFvW4Zd-3]\" required><\/div><div id=\"evf-2626-field_1AYlhkHMKE-13-container\" class=\"evf-field evf-field-text form-row validate-required\" data-required-field-message=\"Dieses Feld muss ausgef\u00fcllt sein.\" data-field-id=\"1AYlhkHMKE-13\"><label class=\"evf-field-label\" for=\"evf-2626-field_1AYlhkHMKE-13\"><span class=\"evf-label\">Telefon<\/span> <abbr class=\"required\" title=\"Required\">*<\/abbr><\/label><input type=\"text\" id=\"evf-2626-field_1AYlhkHMKE-13\" class=\"input-text\" name=\"everest_forms[form_fields][1AYlhkHMKE-13]\" required><\/div><div id=\"evf-2626-field_email-container\" class=\"evf-field evf-field-email form-row validate-required validate-email\" data-required-field-message=\"Bitte eine g\u00fcltige Emailadresse einf\u00fcgen.\" data-field-id=\"email\"><label class=\"evf-field-label\" for=\"evf-2626-field_email\"><span class=\"evf-label\">Email<\/span> <abbr class=\"required\" title=\"Required\">*<\/abbr><\/label><input type=\"email\" id=\"evf-2626-field_email\" class=\"input-text\" name=\"everest_forms[form_fields][email]\" required><\/div><div id=\"evf-2626-field_3GDbYTUTjM-15-container\" class=\"evf-field evf-field-text form-row validate-required\" data-required-field-message=\"Dieses Feld muss ausgef\u00fcllt sein.\" data-field-id=\"3GDbYTUTjM-15\"><label class=\"evf-field-label\" for=\"evf-2626-field_3GDbYTUTjM-15\"><span class=\"evf-label\">Geburtsdatum<\/span> <abbr class=\"required\" title=\"Required\">*<\/abbr><\/label><input type=\"text\" id=\"evf-2626-field_3GDbYTUTjM-15\" class=\"input-text\" name=\"everest_forms[form_fields][3GDbYTUTjM-15]\" placeholder=\"TT.MM.JJJJ\" required><\/div><\/div><div class=\"evf-frontend-grid evf-grid-2\" data-grid=\"grid_2\"><div id=\"evf-2626-field_66eMhu2hOd-9-container\" class=\"evf-field evf-field-radio form-row validate-required\" data-required-field-message=\"Dieses Feld muss ausgef\u00fcllt sein.\" data-field-id=\"66eMhu2hOd-9\"><label class=\"evf-field-label\" for=\"evf-2626-field_66eMhu2hOd-9\"><span class=\"evf-label\">W\u00c4HLE DEINE BUCHUNGSVARIANTE<\/span> <abbr class=\"required\" title=\"Required\">*<\/abbr><\/label><ul id=\"evf-2626-field_66eMhu2hOd-9\" class=\" evf-field-required\"><li class=\"choice-1 depth-1\"><input type=\"radio\" id=\"evf-2626-field_66eMhu2hOd-9_1\" class=\"input-text\" name=\"everest_forms[form_fields][66eMhu2hOd-9]\" value=\"&lt;b&gt;Tagesgast&lt;\/b&gt;\" required ><label class=\"everest-forms-field-label-inline\" for=\"evf-2626-field_66eMhu2hOd-9_1\"><b>Tagesgast<\/b><\/label><\/li><li class=\"choice-6 depth-1\"><input type=\"radio\" id=\"evf-2626-field_66eMhu2hOd-9_6\" class=\"input-text\" name=\"everest_forms[form_fields][66eMhu2hOd-9]\" value=\"&lt;b&gt;Jugendliche im Haus&lt;\/b&gt;\" required ><label class=\"everest-forms-field-label-inline\" for=\"evf-2626-field_66eMhu2hOd-9_6\"><b>Jugendliche im Haus<\/b><\/label><\/li><li class=\"choice-2 depth-1\"><input type=\"radio\" id=\"evf-2626-field_66eMhu2hOd-9_2\" class=\"input-text\" name=\"everest_forms[form_fields][66eMhu2hOd-9]\" value=\"&lt;b&gt;Jugendliche Zelt&lt;\/b&gt;\" required ><label class=\"everest-forms-field-label-inline\" for=\"evf-2626-field_66eMhu2hOd-9_2\"><b>Jugendliche Zelt<\/b><\/label><\/li><li class=\"choice-4 depth-1\"><input type=\"radio\" id=\"evf-2626-field_66eMhu2hOd-9_4\" class=\"input-text\" name=\"everest_forms[form_fields][66eMhu2hOd-9]\" value=\"&lt;b&gt;Erwachsene im Haus&lt;\/b&gt;\" required ><label class=\"everest-forms-field-label-inline\" for=\"evf-2626-field_66eMhu2hOd-9_4\"><b>Erwachsene im Haus<\/b><\/label><\/li><li class=\"choice-3 depth-1\"><input type=\"radio\" id=\"evf-2626-field_66eMhu2hOd-9_3\" class=\"input-text\" name=\"everest_forms[form_fields][66eMhu2hOd-9]\" value=\"&lt;b&gt;Erwachsene im Camper&lt;\/b&gt;\" required ><label class=\"everest-forms-field-label-inline\" for=\"evf-2626-field_66eMhu2hOd-9_3\"><b>Erwachsene im Camper<\/b><\/label><\/li><li class=\"choice-5 depth-1\"><input type=\"radio\" id=\"evf-2626-field_66eMhu2hOd-9_5\" class=\"input-text\" name=\"everest_forms[form_fields][66eMhu2hOd-9]\" value=\"&lt;b&gt;Erwachsene im Zelt&lt;\/b&gt;\" required ><label class=\"everest-forms-field-label-inline\" for=\"evf-2626-field_66eMhu2hOd-9_5\"><b>Erwachsene im Zelt<\/b><\/label><\/li><\/ul><\/div><div id=\"evf-2626-field_gnLj2GGnEY-11-container\" class=\"evf-field evf-field-select form-row validate-required\" data-required-field-message=\"Dieses Feld muss ausgef\u00fcllt sein.\" data-field-id=\"gnLj2GGnEY-11\"><label class=\"evf-field-label\" for=\"evf-2626-field_gnLj2GGnEY-11\"><span class=\"evf-label\">Optionen f\u00fcr Tagesgast<\/span> <abbr class=\"required\" title=\"Required\">*<\/abbr><\/label><select id=\"evf-2626-field_gnLj2GGnEY-11\" class=\"input-text evf-field-required\" name=\"everest_forms[form_fields][gnLj2GGnEY-11]\" required=\"required\"><option value=\"Bitte Essenspaket ausw\u00e4hlen\"  selected='selected'>Bitte Essenspaket ausw\u00e4hlen<\/option><option value=\"Essenspaket 1 (Erw. 12-99 J.) 53 EUR\" >Essenspaket 1 (Erw. 12-99 J.) 53 EUR<\/option><option value=\"Essenspaket 1 (Kind 3-11 J.) 39 EUR\" >Essenspaket 1 (Kind 3-11 J.) 39 EUR<\/option><option value=\"Essenspaket 2 (Erw. 12-99 J.) 40 EUR\" >Essenspaket 2 (Erw. 12-99 J.) 40 EUR<\/option><option value=\"Essenspaket 2 (Kind 3-11 J.) 28 EUR\" >Essenspaket 2 (Kind 3-11 J.) 28 EUR<\/option><option value=\"Kleinkind (0-2 J.) 0 EUR\" >Kleinkind (0-2 J.) 0 EUR<\/option><\/select><div class=\"evf-field-description\"><b>Info:<\/b><br>\r\nEssenspaket 1: Fr\u00fchst\u00fcck, Mittag- und Abendessen<br>\r\nEssenspaket 2: Mittag- und Abendessen<\/div><\/div><\/div><\/div><\/div><div class=\"evf-honeypot-container evf-field-hp\"><label for=\"evf-2626-field-hp\" class=\"evf-field-label\">Phone<\/label><input type=\"text\" name=\"everest_forms[hp]\" id=\"evf-2626-field-hp\" class=\"input-text\"><\/div><div class=\"evf-submit-container \" ><input type=\"hidden\" name=\"everest_forms[id]\" value=\"2626\"><input type=\"hidden\" name=\"everest_forms[author]\" value=\"1\"><button type='submit' name='everest_forms[submit]' class='everest-forms-submit-button button evf-submit ' id='evf-submit-2626' value='evf-submit' data-process-text=\"wird gesendet\u2026\" conditional_rules='&quot;&quot;' conditional_id='evf-submit-2626' >Anmeldung abschicken<\/button><\/div><\/form><\/div><!-- .evf-container --><\/div><\/div><\/div><\/div><\/div><\/div>","protected":false},"excerpt":{"rendered":"<p>17. &#8211; 20. Sept. 2026<\/p>\n","protected":false},"author":1,"featured_media":3153,"parent":0,"menu_order":0,"comment_status":"closed","ping_status":"closed","template":"","meta":[],"_links":{"self":[{"href":"http:\/\/www.countrylife.at\/tgm2\/wp-json\/wp\/v2\/pages\/3147"}],"collection":[{"href":"http:\/\/www.countrylife.at\/tgm2\/wp-json\/wp\/v2\/pages"}],"about":[{"href":"http:\/\/www.countrylife.at\/tgm2\/wp-json\/wp\/v2\/types\/page"}],"author":[{"embeddable":true,"href":"http:\/\/www.countrylife.at\/tgm2\/wp-json\/wp\/v2\/users\/1"}],"replies":[{"embeddable":true,"href":"http:\/\/www.countrylife.at\/tgm2\/wp-json\/wp\/v2\/comments?post=3147"}],"version-history":[{"count":9,"href":"http:\/\/www.countrylife.at\/tgm2\/wp-json\/wp\/v2\/pages\/3147\/revisions"}],"predecessor-version":[{"id":3222,"href":"http:\/\/www.countrylife.at\/tgm2\/wp-json\/wp\/v2\/pages\/3147\/revisions\/3222"}],"wp:featuredmedia":[{"embeddable":true,"href":"http:\/\/www.countrylife.at\/tgm2\/wp-json\/wp\/v2\/media\/3153"}],"wp:attachment":[{"href":"http:\/\/www.countrylife.at\/tgm2\/wp-json\/wp\/v2\/media?parent=3147"}],"curies":[{"name":"wp","href":"https:\/\/api.w.org\/{rel}","templated":true}]}}