{"id":3469,"date":"2026-03-16T16:39:30","date_gmt":"2026-03-16T15:39:30","guid":{"rendered":"http:\/\/www.countrylife.at\/tgm2\/?page_id=3469"},"modified":"2026-03-16T17:29:32","modified_gmt":"2026-03-16T16:29:32","slug":"fuer-dich","status":"publish","type":"page","link":"http:\/\/www.countrylife.at\/tgm2\/fuer-dich\/","title":{"rendered":"F\u00fcr dich?"},"content":{"rendered":"<div id=\"pl-3469\"  class=\"panel-layout\" ><div id=\"pg-3469-0\"  class=\"panel-grid panel-no-style\" ><div id=\"pgc-3469-0-0\"  class=\"panel-grid-cell\" ><div id=\"panel-3469-0-0-0\" class=\"so-panel widget widget_sow-editor panel-first-child\" data-index=\"0\" ><div class=\"panel-widget-style panel-widget-style-for-3469-0-0-0\" ><div class=\"so-widget-sow-editor so-widget-sow-editor-base\">\n<div class=\"siteorigin-widget-tinymce textwidget\">\n\t<h1>TGM - Training zum Medical Missionary<\/h1>\n<p><strong>Ist nicht f\u00fcr jeden - aber m\u00f6glicherweise f\u00fcr dich! Wenn du die folgenden Fragen mit \u201eJa\u201c beantworten kannst, f\u00fclle doch gleich das nebenstehende Kontaktformular aus.<\/strong><\/p>\n<\/div>\n<\/div><\/div><\/div><div id=\"panel-3469-0-0-1\" class=\"so-panel widget widget_media_image\" data-index=\"1\" ><img width=\"800\" height=\"250\" src=\"http:\/\/www.countrylife.at\/tgm2\/wp-content\/uploads\/2026\/03\/brueckengeher.jpg\" class=\"image wp-image-3482  attachment-full size-full\" alt=\"\" loading=\"lazy\" style=\"max-width: 100%; height: auto;\" srcset=\"http:\/\/www.countrylife.at\/tgm2\/wp-content\/uploads\/2026\/03\/brueckengeher.jpg 800w, http:\/\/www.countrylife.at\/tgm2\/wp-content\/uploads\/2026\/03\/brueckengeher-300x94.jpg 300w, http:\/\/www.countrylife.at\/tgm2\/wp-content\/uploads\/2026\/03\/brueckengeher-768x240.jpg 768w, http:\/\/www.countrylife.at\/tgm2\/wp-content\/uploads\/2026\/03\/brueckengeher-500x156.jpg 500w\" sizes=\"(max-width: 800px) 100vw, 800px\" \/><\/div><div id=\"panel-3469-0-0-2\" class=\"so-panel widget widget_sow-editor panel-last-child\" data-index=\"2\" ><div class=\"panel-widget-style panel-widget-style-for-3469-0-0-2\" ><div class=\"so-widget-sow-editor so-widget-sow-editor-base\">\n<div class=\"siteorigin-widget-tinymce textwidget\">\n\t<ol>\n<li><strong>Jesus kommt bald - m\u00f6chtest du daf\u00fcr bereit sein, und andere auf sein Kommen vorbereiten?<\/strong><br \/>\nDie Medizinische Missionsarbeit ist \u201edie effektivste Methode\u201c, um Menschen zu Jesus zu f\u00fchren.<\/p>\n<\/li>\n<li><strong>Bist du bereit f\u00fcr ganz neue Herausforderungen?<\/strong><br \/>\nEs gibt nichts spannenderes als die Arbeit als Missionar - TGM bereitet dich darauf vor.<\/p>\n<\/li>\n<li><strong>Bist du vielseitig interessiert?<\/strong><br \/>\nUnterricht, Gem\u00fcsebau, Maschinen und Werkzeuge, K\u00fcche, Veranstaltungen, G\u00e4ste, Lagerfeuer, Mission Trip..<br \/>\nAlles, was du bei uns lernst, kannst du sofort anwenden. Garantiert!<\/p>\n<\/li>\n<li><strong>M\u00f6chtest du Teil eines jungen Missionsteams sein?<\/strong><br \/>\nWillkommen in der TGM-Familie - junge Menschen, die gemeinsam Leben, Lernen, Missionieren, Beten, Arbeiten, Wachsen,..<\/p>\n<\/li>\n<li><strong>Bist du \u00fcber 18 (in Ausnahmef\u00e4llen \u00fcber 17)?<\/strong><br \/>\nWenn du j\u00fcnger bist - dann schau doch immer mal bei uns vorbei.<\/p>\n<\/li>\n<li><strong>Bist du ab 1. Sept bereit?<\/strong><br \/>\nUnser n\u00e4chstes Training startet am 1. Sept 2026<\/li>\n<\/ol>\n<\/div>\n<\/div><\/div><\/div><\/div><div id=\"pgc-3469-0-1\"  class=\"panel-grid-cell\" ><div id=\"panel-3469-0-1-0\" class=\"so-panel widget widget_sow-editor panel-first-child\" data-index=\"3\" ><div class=\"panel-widget-style panel-widget-style-for-3469-0-1-0\" ><div class=\"so-widget-sow-editor so-widget-sow-editor-base\"><h3 class=\"widget-title\">Schreib uns!<\/h3>\n<div class=\"siteorigin-widget-tinymce textwidget\">\n\t<div class=\"card-body\">\n<div class=\"card-body\"><strong>Wir geben dir gerne mehr Infos f\u00fcr deinen Start im TGM!<\/strong><\/div>\n<\/div>\n<\/div>\n<\/div><\/div><\/div><div id=\"panel-3469-0-1-1\" class=\"widget_text so-panel widget widget_custom_html panel-last-child\" data-index=\"4\" ><div class=\"textwidget custom-html-widget\"><div class=\"everest-forms\"><div class=\"evf-container default\" id=\"evf-3473\"><form id=\"evf-form-3473\" class=\"everest-form\" data-formid=\"3473\" data-ajax_submission=\"0\" method=\"post\" enctype=\"multipart\/form-data\" action=\"\/tgm2\/wp-json\/wp\/v2\/pages\/3469\"><div class=\"evf-field-container\"><input type=\"hidden\" id=\"_wpnonce\" name=\"_wpnonce\" value=\"986c756969\" \/><input type=\"hidden\" name=\"_wp_http_referer\" value=\"\/tgm2\/wp-json\/wp\/v2\/pages\/3469\" \/><div class=\"evf-frontend-row\" data-row=\"row_1\"><div class=\"evf-frontend-grid evf-grid-1\" data-grid=\"grid_1\"><div id=\"evf-3473-field_ys0GeZISRs-1-container\" class=\"evf-field evf-field-first-name form-row validate-required\" data-required-field-message=\"Dieses Feld muss ausgef\u00fcllt sein.\" data-field-id=\"ys0GeZISRs-1\"><label class=\"evf-field-label\" for=\"evf-3473-field_ys0GeZISRs-1\"><span class=\"evf-label\">Name<\/span> <abbr class=\"required\" title=\"Required\">*<\/abbr><\/label><input type=\"text\" id=\"evf-3473-field_ys0GeZISRs-1\" class=\"input-text\" name=\"everest_forms[form_fields][ys0GeZISRs-1]\" required><\/div><div id=\"evf-3473-field_LbH5NxasXM-2-container\" class=\"evf-field evf-field-email form-row validate-required validate-email\" data-required-field-message=\"Bitte eine g\u00fcltige Emailadresse einf\u00fcgen.\" data-field-id=\"LbH5NxasXM-2\"><label class=\"evf-field-label\" for=\"evf-3473-field_LbH5NxasXM-2\"><span class=\"evf-label\">Email<\/span> <abbr class=\"required\" title=\"Required\">*<\/abbr><\/label><input type=\"email\" id=\"evf-3473-field_LbH5NxasXM-2\" class=\"input-text\" name=\"everest_forms[form_fields][LbH5NxasXM-2]\" required><\/div><div id=\"evf-3473-field_yhGx3FOwr2-4-container\" class=\"evf-field evf-field-textarea form-row\" data-field-id=\"yhGx3FOwr2-4\"><label class=\"evf-field-label\" for=\"evf-3473-field_yhGx3FOwr2-4\"><span class=\"evf-label\">Message<\/span> <\/label><textarea id=\"evf-3473-field_yhGx3FOwr2-4\" class=\"input-text\" name=\"everest_forms[form_fields][yhGx3FOwr2-4]\" ><\/textarea><\/div><\/div><\/div><\/div><div class=\"evf-honeypot-container evf-field-hp\"><label for=\"evf-3473-field-hp\" class=\"evf-field-label\">Website<\/label><input type=\"text\" name=\"everest_forms[hp]\" id=\"evf-3473-field-hp\" class=\"input-text\"><\/div><div class=\"evf-submit-container \" ><input type=\"hidden\" name=\"everest_forms[id]\" value=\"3473\"><input type=\"hidden\" name=\"everest_forms[author]\" value=\"1\"><button type='submit' name='everest_forms[submit]' class='everest-forms-submit-button button evf-submit ' id='evf-submit-3473' value='evf-submit' data-process-text=\"Processing\u2026\" conditional_rules='&quot;&quot;' conditional_id='evf-submit-3473' >Submit<\/button><\/div><\/form><\/div><!-- .evf-container --><\/div> <\/div><\/div><\/div><\/div><\/div>","protected":false},"excerpt":{"rendered":"<p>TGM &#8211; Training zum Medical Missionary Ist nicht f\u00fcr jeden &#8211; aber m\u00f6glicherweise f\u00fcr dich! Wenn du die folgenden Fragen mit \u201eJa\u201c beantworten kannst, f\u00fclle doch gleich das nebenstehende Kontaktformular aus. Jesus kommt bald &#8211; m\u00f6chtest du daf\u00fcr bereit sein,<\/p>\n","protected":false},"author":1,"featured_media":0,"parent":0,"menu_order":0,"comment_status":"closed","ping_status":"closed","template":"","meta":[],"_links":{"self":[{"href":"http:\/\/www.countrylife.at\/tgm2\/wp-json\/wp\/v2\/pages\/3469"}],"collection":[{"href":"http:\/\/www.countrylife.at\/tgm2\/wp-json\/wp\/v2\/pages"}],"about":[{"href":"http:\/\/www.countrylife.at\/tgm2\/wp-json\/wp\/v2\/types\/page"}],"author":[{"embeddable":true,"href":"http:\/\/www.countrylife.at\/tgm2\/wp-json\/wp\/v2\/users\/1"}],"replies":[{"embeddable":true,"href":"http:\/\/www.countrylife.at\/tgm2\/wp-json\/wp\/v2\/comments?post=3469"}],"version-history":[{"count":14,"href":"http:\/\/www.countrylife.at\/tgm2\/wp-json\/wp\/v2\/pages\/3469\/revisions"}],"predecessor-version":[{"id":3489,"href":"http:\/\/www.countrylife.at\/tgm2\/wp-json\/wp\/v2\/pages\/3469\/revisions\/3489"}],"wp:attachment":[{"href":"http:\/\/www.countrylife.at\/tgm2\/wp-json\/wp\/v2\/media?parent=3469"}],"curies":[{"name":"wp","href":"https:\/\/api.w.org\/{rel}","templated":true}]}}