{"id":65,"date":"2018-10-31T19:53:53","date_gmt":"2018-10-31T18:53:53","guid":{"rendered":"http:\/\/www.countrylife.at\/tgm2\/?page_id=65"},"modified":"2026-02-18T19:51:27","modified_gmt":"2026-02-18T18:51:27","slug":"termine-und-kosten","status":"publish","type":"page","link":"http:\/\/www.countrylife.at\/tgm2\/termine-und-kosten\/","title":{"rendered":"Termine und Kosten"},"content":{"rendered":"<div id=\"pl-65\"  class=\"panel-layout\" ><div id=\"pg-65-0\"  class=\"panel-grid panel-no-style\" ><div id=\"pgc-65-0-0\"  class=\"panel-grid-cell\" ><div id=\"panel-65-0-0-0\" class=\"so-panel widget widget_sow-editor panel-first-child panel-last-child\" data-index=\"0\" ><div class=\"panel-widget-style panel-widget-style-for-65-0-0-0\" ><div class=\"so-widget-sow-editor so-widget-sow-editor-base\">\n<div class=\"siteorigin-widget-tinymce textwidget\">\n\t<div class=\"col-md-7 col-lg-6\">\n<h1>Kosten Missionsschule<\/h1>\n<p><strong>Kursgeb\u00fchr:<\/strong> Die Kursgeb\u00fchr f\u00fcr den TGM-Kurs 2027 betr\u00e4gt derzeit <strong>4.100<\/strong>,- \u20ac.<\/p>\n<p>1.400,- \u20ac sind zum 31.07.2026 f\u00e4llig, 1.300,- \u20ac bis zum 31.12.2026 sowie die \u00fcbrigen 1.400,- \u20ac bis zum 31.03.2027.<\/p>\n<p>Weitere Kosten fallen f\u00fcr W\u00e4schewaschen, Telefonate, Unterrichtsmaterialien, B\u00fccher, private Ausfl\u00fcge und Abendessen (wird selbst zubereitet) an. Die gesch\u00e4tzte H\u00f6he hierf\u00fcr betr\u00e4gt <strong>500-600 \u20ac<\/strong>. Bitte auch die Kosten ber\u00fccksichtigen, die mit einer in \u00d6sterreich g\u00fcltigen Krankenversicherung sowie bei Heimfahrten entstehen k\u00f6nnen.<\/p>\n<p><strong>Registrierungsgeb\u00fchr:<\/strong> Die Bewerbung wird erst nach Einlangen der Registrierungsgeb\u00fchr in H\u00f6he von <strong>35<\/strong>,- \u20ac bearbeitet. Diese Registrierungsgeb\u00fchr kann nicht zur\u00fcck erstattet werden.<\/p>\n<p><strong>Mission Trip:<\/strong> Die Kosten f\u00fcr den Mission Trip (ab\/bis Flughafen) betragen etwa <strong>1.200<\/strong>,- \u20ac und werden bei dessen Buchung - voraussichtlich gegen Mitte Juni - f\u00e4llig. Das Konto hierf\u00fcr wird rechtzeitig bekannt gegeben.<\/p>\n<p>Eventuell entstehende Ausgaben f\u00fcr Impfungen sind nicht inbegriffen.<\/p>\n<p>Anm.: Aufgrund der unsicheren Weltlage k\u00f6nnen sich die Daten (Kosten und Termine) noch \u00e4ndern.<\/p>\n<p>&nbsp;<\/p>\n<hr \/>\n<h5 id=\"\">Infos zur Finanzierung<\/h5>\n<p>Diese Schule finanziert sich aus der Kursgebu\u0308hr und diversen Spenden.<br \/>\nObwohl wir grundsa\u0308tzlich keine Mo\u0308glichkeit haben, das Schulgeld zu reduzieren, soll eine Teilnahme nicht an den Finanzen scheitern.<\/p>\n<p>Falls die Aufbringung der Kurskosten eine zu hohe finanzielle Belastung bedeutet, empfehlen wir folgende Vorgangsweise:<\/p>\n<ul>\n<li>Anfrage an deine Gemeinde (Ausschuss), ob sie gewillt ist, einen Teil der Ausbildundungskosten zu u\u0308bernehmen. In diesem Zusammenhang ist es ratsam, dem Ausschuss und Prediger deiner Ortsgemeinde die Pl\u00e4ne und Aktivit\u00e4ten vorzulegen, die du in der Gemeinde nach deiner Ausbildung im TGM durchf\u00fchren m\u00f6chtest.<\/li>\n<li>Bist du Gemeindeglied in einer Gemeinde der \u00d6sterreichischen Union, ist die \u00d6sterreichische Union bereit, nach Bezahlung der vollen Kurskosten und des Mission Trips einen Teilbetrag zu \u00fcbernehmen. Bitte hierzu die Jugendabteilung der \u00d6sterreichischen Union kontaktieren: <a href=\"https:\/\/jugend.adventisten.at\/kontakt\/\" target=\"_blank\" rel=\"noopener\">jugend.adventisten.at\/kontakt\/<\/a><\/li>\n<li>Suche eines perso\u0308nlichen Unterstu\u0308tzerkreises (Verwandte, Freunde).<\/li>\n<li>Bei Ha\u0308rtefa\u0308llen bitten wir, mit uns Kontakt aufzunehmen.<\/li>\n<\/ul>\n<\/div>\n<\/div>\n<\/div><\/div><\/div><\/div><div id=\"pgc-65-0-1\"  class=\"panel-grid-cell\" ><div id=\"panel-65-0-1-0\" class=\"so-panel widget widget_sow-editor panel-first-child\" data-index=\"1\" ><div class=\"panel-widget-style panel-widget-style-for-65-0-1-0\" ><div class=\"so-widget-sow-editor so-widget-sow-editor-base\"><h3 class=\"widget-title\">Termine<\/h3>\n<div class=\"siteorigin-widget-tinymce textwidget\">\n\t<div class=\"card-body\">\n<div class=\"card-body\">\n<div class=\"siteorigin-widget-tinymce textwidget\">\n<div class=\"card-body\">\n<div class=\"card-body\">\n<p><strong>Offizieller Anmeldeschluss<\/strong><\/p>\n<p>30. Juni 2026<\/p>\n<p><strong>Zeitraum des n\u00e4chsten Kurses<\/strong><\/p>\n<p>1. Sept. 2026 - 15. Aug. 2027<\/p>\n<\/div>\n<\/div>\n<\/div>\n<\/div>\n<\/div>\n<\/div>\n<\/div><\/div><\/div><div id=\"panel-65-0-1-1\" class=\"so-panel widget widget_media_image panel-last-child\" data-index=\"2\" ><img width=\"800\" height=\"533\" src=\"http:\/\/www.countrylife.at\/tgm2\/wp-content\/uploads\/2018\/11\/nsp-03.jpg\" class=\"image wp-image-207  attachment-full size-full\" alt=\"\" loading=\"lazy\" style=\"max-width: 100%; height: auto;\" srcset=\"http:\/\/www.countrylife.at\/tgm2\/wp-content\/uploads\/2018\/11\/nsp-03.jpg 800w, http:\/\/www.countrylife.at\/tgm2\/wp-content\/uploads\/2018\/11\/nsp-03-300x200.jpg 300w, http:\/\/www.countrylife.at\/tgm2\/wp-content\/uploads\/2018\/11\/nsp-03-768x512.jpg 768w, http:\/\/www.countrylife.at\/tgm2\/wp-content\/uploads\/2018\/11\/nsp-03-272x182.jpg 272w\" sizes=\"(max-width: 800px) 100vw, 800px\" \/><\/div><\/div><\/div><\/div>","protected":false},"excerpt":{"rendered":"<p>Kosten Missionsschule Kursgeb\u00fchr: Die Kursgeb\u00fchr f\u00fcr den TGM-Kurs 2027 betr\u00e4gt derzeit 4.100,- \u20ac. 1.400,- \u20ac sind zum 31.07.2026 f\u00e4llig, 1.300,- \u20ac bis zum 31.12.2026 sowie die \u00fcbrigen 1.400,- \u20ac bis zum 31.03.2027. Weitere Kosten fallen f\u00fcr W\u00e4schewaschen, Telefonate, Unterrichtsmaterialien, B\u00fccher,<\/p>\n","protected":false},"author":1,"featured_media":0,"parent":0,"menu_order":0,"comment_status":"closed","ping_status":"closed","template":"","meta":[],"_links":{"self":[{"href":"http:\/\/www.countrylife.at\/tgm2\/wp-json\/wp\/v2\/pages\/65"}],"collection":[{"href":"http:\/\/www.countrylife.at\/tgm2\/wp-json\/wp\/v2\/pages"}],"about":[{"href":"http:\/\/www.countrylife.at\/tgm2\/wp-json\/wp\/v2\/types\/page"}],"author":[{"embeddable":true,"href":"http:\/\/www.countrylife.at\/tgm2\/wp-json\/wp\/v2\/users\/1"}],"replies":[{"embeddable":true,"href":"http:\/\/www.countrylife.at\/tgm2\/wp-json\/wp\/v2\/comments?post=65"}],"version-history":[{"count":77,"href":"http:\/\/www.countrylife.at\/tgm2\/wp-json\/wp\/v2\/pages\/65\/revisions"}],"predecessor-version":[{"id":3434,"href":"http:\/\/www.countrylife.at\/tgm2\/wp-json\/wp\/v2\/pages\/65\/revisions\/3434"}],"wp:attachment":[{"href":"http:\/\/www.countrylife.at\/tgm2\/wp-json\/wp\/v2\/media?parent=65"}],"curies":[{"name":"wp","href":"https:\/\/api.w.org\/{rel}","templated":true}]}}