{"id":127,"date":"2020-09-11T11:55:58","date_gmt":"2020-09-11T09:55:58","guid":{"rendered":"http:\/\/www.countrylife.at\/gesundheitszentrum\/?page_id=127"},"modified":"2020-11-27T14:50:48","modified_gmt":"2020-11-27T13:50:48","slug":"philosophie","status":"publish","type":"page","link":"https:\/\/www.countrylife.at\/gesundheitszentrum\/philosophie\/","title":{"rendered":"Philosophie"},"content":{"rendered":"\n<style type=\"text\/css\" data-created_by=\"avia_inline_auto\" id=\"style-css-av-a7b3b-878bf9abb3dd9df0105e1a3d7018ef4f\">\n.flex_column.av-a7b3b-878bf9abb3dd9df0105e1a3d7018ef4f{\nborder-radius:0px 0px 0px 0px;\npadding:0px 0px 0px 0px;\n}\n<\/style>\n<div  class='flex_column av-a7b3b-878bf9abb3dd9df0105e1a3d7018ef4f av_one_full  avia-builder-el-0  el_before_av_one_half  avia-builder-el-first  first flex_column_div av-zero-column-padding  '     ><p>\n<style type=\"text\/css\" data-created_by=\"avia_inline_auto\" id=\"style-css-av-kf557ud7-f6cc46ce90e9cd5dba9d0538d914c1eb\">\n#top .av-special-heading.av-kf557ud7-f6cc46ce90e9cd5dba9d0538d914c1eb{\npadding-bottom:10px;\n}\nbody .av-special-heading.av-kf557ud7-f6cc46ce90e9cd5dba9d0538d914c1eb .av-special-heading-tag .heading-char{\nfont-size:25px;\n}\n.av-special-heading.av-kf557ud7-f6cc46ce90e9cd5dba9d0538d914c1eb .av-subheading{\nfont-size:15px;\n}\n<\/style>\n<div  class='av-special-heading av-kf557ud7-f6cc46ce90e9cd5dba9d0538d914c1eb av-special-heading-h2  avia-builder-el-1  el_before_av_image  avia-builder-el-first '><h2 class='av-special-heading-tag '  itemprop=\"headline\"  >Philosophie<\/h2><div class=\"special-heading-border\"><div class=\"special-heading-inner-border\"><\/div><\/div><\/div><br \/>\n\n<style type=\"text\/css\" data-created_by=\"avia_inline_auto\" id=\"style-css-av-key2b6ij-8ac0f55d66934b57dede863f1f054d55\">\n.avia-image-container.av-key2b6ij-8ac0f55d66934b57dede863f1f054d55 img.avia_image{\nbox-shadow:none;\n}\n.avia-image-container.av-key2b6ij-8ac0f55d66934b57dede863f1f054d55 .av-image-caption-overlay-center{\ncolor:#ffffff;\n}\n<\/style>\n<div  class='avia-image-container av-key2b6ij-8ac0f55d66934b57dede863f1f054d55 av-styling- avia-align-center  avia-builder-el-2  el_after_av_heading  avia-builder-el-last '   itemprop=\"image\" itemscope=\"itemscope\" itemtype=\"https:\/\/schema.org\/ImageObject\" ><div class=\"avia-image-container-inner\"><div class=\"avia-image-overlay-wrap\"><img fetchpriority=\"high\" class='wp-image-21 avia-img-lazy-loading-not-21 avia_image ' src='https:\/\/www.countrylife.at\/gesundheitszentrum\/wp-content\/uploads\/2020\/06\/silder_morgensonne.jpg' alt='' title='silder_morgensonne'  height=\"600\" width=\"1600\"  itemprop=\"thumbnailUrl\"  \/><\/div><\/div><\/div><\/p><\/div>\n\n<style type=\"text\/css\" data-created_by=\"avia_inline_auto\" id=\"style-css-av-7r70v-642446759de37b493408b9edb7bdd555\">\n.flex_column.av-7r70v-642446759de37b493408b9edb7bdd555{\nborder-radius:0px 0px 0px 0px;\npadding:0px 0px 0px 0px;\n}\n<\/style>\n<div  class='flex_column av-7r70v-642446759de37b493408b9edb7bdd555 av_one_half  avia-builder-el-3  el_after_av_one_full  el_before_av_one_half  first flex_column_div av-zero-column-padding  column-top-margin'     ><section  class='av_textblock_section av-key2eysw-2d53e1635d92709c293f32811453200f '   itemscope=\"itemscope\" itemtype=\"https:\/\/schema.org\/CreativeWork\" ><div class='avia_textblock'  itemprop=\"text\" ><h3 class=\"titel2\">Countrylife &#8211; Ferien f\u00fcr Seele, K\u00f6rper und Geist<\/h3>\n<p>Gesundheit und Lebensgl\u00fcck sind kein Zufall. Wir von Country Life sind \u00fcberzeugt, dass unser Sch\u00f6pfer daf\u00fcr Vorkehrung getroffen hat:<br \/>\nDie Heilkr\u00e4fte der Pflanzen und der Nahrung, das Befolgen eines ausgewogenen Lebensstils, das Anwenden nat\u00fcrlicher Heilmittel und das Vertrauen in Gott sind einige Faktoren dazu.<br \/>\nJeder unserer christlichen Mitarbeiter f\u00fchrt ein naturnahes Leben mit vegetarischer Ern\u00e4hrung, Gartenbau, geistlicher und k\u00f6rperlicher Bet\u00e4tigung, um Ausgewogenheit und Freude zu pflegen.<\/p>\n<p>Der Mattersdorferhof &#8211; ein kleines Landhaus inmitten einer gr\u00fcnen Ruheoase, eingebettet in Wald und Wiesen &#8211; steht f\u00fcr Freude am Leben in der Natur.<\/p>\n<p>Lassen Sie sich ber\u00fchren von den lieblichen Sch\u00f6nheiten der Landschaft, der friedvollen Umgebung und der pers\u00f6nlichen Betreuung.<\/p>\n<p>Sehnen Sie sich nach einem Ort der Ruhe, um Ihre Seele aufzutanken und vom Alltag abzuschalten? G\u00e4ste, die sich zu Tagen der Besinnung und Orientierung zur\u00fcckziehen wollen, sind herzlich eingeladen. Wir wollen Ihnen Raum bieten f\u00fcr das innere und \u00e4u\u00dfere Stille werden.<\/p>\n<p>Wozu lebe ich? Woher komme ich und wohin gehe ich? Genie\u00dfen Sie einige Tage ohne Ablenkungen der Medien und konzentrieren Sie sich auf die wesentlichen Lebensfragen. Um die Reiz\u00fcberflutung einzud\u00e4mmen, werden Sie in unserem Haus keinen Fernseher finden, daf\u00fcr aber Mu\u00dfe f\u00fcr ein gutes Buch.<\/p>\n<p>Wir f\u00fchren vor Ort auch eine biblisch orientierte Gesundheitsausbildung f\u00fcr junge Menschen mit den Schwerpunkten Besinnung, Bildung, manuelle Arbeit und Gesundheit. Dieses ganzheitliche Angebot soll K\u00f6rper, Seele und Geist in Einklang bringen. Wir veranstalten auch Fortbildungen und Wochenenden zur Ruhe und zum Auftanken.<\/p>\n<p>Nat\u00fcrlich besteht auch die M\u00f6glichkeit, sich aktiv am Alltagsleben zu beteiligen, etwa, indem man im Garten mithilft, Unkraut j\u00e4tet oder Kohlrabi erntet. W\u00e4hrend die H\u00e4nde aktiv sind, kann der Geist zur Ruhe kommen.<\/p>\n<\/div><\/section><\/div>\n<style type=\"text\/css\" data-created_by=\"avia_inline_auto\" id=\"style-css-av-kf55nxyh-146bfd3ee46fc0584e56a73249ec5f5b\">\n@keyframes av_boxShadowEffect_av-kf55nxyh-146bfd3ee46fc0584e56a73249ec5f5b-column {\n0%   { box-shadow:  0 0 0 0 rgba(0,0,0,0.2); opacity: 1; }\n100% { box-shadow:  0 0 10px 0 rgba(0,0,0,0.2); opacity: 1; }\n}\n.flex_column.av-kf55nxyh-146bfd3ee46fc0584e56a73249ec5f5b{\nbox-shadow: 0 0 10px 0 rgba(0,0,0,0.2);\nborder-width:1px;\nborder-color:#bccf0a;\nborder-style:solid;\nborder-radius:4px 4px 4px 4px;\npadding:10px 10px 10px 10px;\nbackground-color:rgba(188,207,10,0.1);\n}\n<\/style>\n<div  class='flex_column av-kf55nxyh-146bfd3ee46fc0584e56a73249ec5f5b av_one_half  avia-builder-el-5  el_after_av_one_half  avia-builder-el-last  flex_column_div shadow-not-animated  column-top-margin'     ><section  class='av_textblock_section av-kf55f72q-09db983fb69a75c2d4a4415e3762cd82 '   itemscope=\"itemscope\" itemtype=\"https:\/\/schema.org\/CreativeWork\" ><div class='avia_textblock'  itemprop=\"text\" ><h6><strong>Sie als gesundheitsbewusster Gast sch\u00e4tzen sicherlich auch noch:<\/strong><\/h6>\n<ul>\n<li>unser abwechslungsreiches, veganes Vollwertfr\u00fchst\u00fcck mit vielen Vitaminen und Ballaststoffen<\/li>\n<li>unsere R\u00fccksichtnahme auf Ihre pers\u00f6nlichen Di\u00e4tvorschriften, z.B. eine lactosefreie Ern\u00e4hrung. Bitte sprechen Sie uns fr\u00fchzeitig darauf an.<\/li>\n<li>unser Ambiente &#8211; ohne Alkohol, Nikotin, Medienl\u00e4rm, anregenden Speisen und Getr\u00e4nke<\/li>\n<li>die autofreie Umgebung f\u00fcr Kinder und Erwachsene<\/li>\n<li>unsere famili\u00e4re, durch christliche Mitarbeiter gepr\u00e4gte Atmosph\u00e4re<\/li>\n<li>Wandern, Schwimmen, Radfahren, Pilze suchen und Heidelbeeren sammeln in unmittelbarer Umgebung.<\/li>\n<\/ul>\n<p>Selbstverst\u00e4ndlich entspricht unsere K\u00fcche den aktuellsten wissenschaftlichen Erkenntnissen und ist daher REIN PFLANZLICH (vegan).<\/p>\n<p><strong>Gesundheit erleben &#8211; ganz einfach in unseren Newstart &#8211; Lebensstilprogrammen, Vortr\u00e4gen und Seminaren.<\/strong><\/p>\n<p>Haustiere k\u00f6nnen wir leider nicht beherbergen.<\/p>\n<\/div><\/section><\/div><\/p>\n","protected":false},"excerpt":{"rendered":"","protected":false},"author":1,"featured_media":0,"parent":0,"menu_order":0,"comment_status":"closed","ping_status":"closed","template":"","meta":{"footnotes":""},"class_list":["post-127","page","type-page","status-publish","hentry"],"yoast_head":"<!-- This site is optimized with the Yoast SEO plugin v26.9 - https:\/\/yoast.com\/product\/yoast-seo-wordpress\/ -->\n<title>Philosophie - Country Life Gesundheitszentrum Mattersdorferhof<\/title>\n<meta name=\"robots\" content=\"index, follow, max-snippet:-1, max-image-preview:large, max-video-preview:-1\" \/>\n<link rel=\"canonical\" href=\"https:\/\/www.countrylife.at\/gesundheitszentrum\/philosophie\/\" \/>\n<meta property=\"og:locale\" content=\"de_DE\" \/>\n<meta property=\"og:type\" content=\"article\" \/>\n<meta property=\"og:title\" content=\"Philosophie - Country Life Gesundheitszentrum Mattersdorferhof\" \/>\n<meta property=\"og:url\" content=\"https:\/\/www.countrylife.at\/gesundheitszentrum\/philosophie\/\" \/>\n<meta property=\"og:site_name\" content=\"Country Life Gesundheitszentrum Mattersdorferhof\" \/>\n<meta property=\"article:modified_time\" content=\"2020-11-27T13:50:48+00:00\" \/>\n<meta name=\"twitter:card\" content=\"summary_large_image\" \/>\n<meta name=\"twitter:label1\" content=\"Gesch\u00e4tzte Lesezeit\" \/>\n\t<meta name=\"twitter:data1\" content=\"5\u00a0Minuten\" \/>\n<script type=\"application\/ld+json\" class=\"yoast-schema-graph\">{\"@context\":\"https:\/\/schema.org\",\"@graph\":[{\"@type\":\"WebPage\",\"@id\":\"https:\/\/www.countrylife.at\/gesundheitszentrum\/philosophie\/\",\"url\":\"https:\/\/www.countrylife.at\/gesundheitszentrum\/philosophie\/\",\"name\":\"Philosophie - Country Life Gesundheitszentrum Mattersdorferhof\",\"isPartOf\":{\"@id\":\"https:\/\/www.countrylife.at\/gesundheitszentrum\/#website\"},\"datePublished\":\"2020-09-11T09:55:58+00:00\",\"dateModified\":\"2020-11-27T13:50:48+00:00\",\"breadcrumb\":{\"@id\":\"https:\/\/www.countrylife.at\/gesundheitszentrum\/philosophie\/#breadcrumb\"},\"inLanguage\":\"de\",\"potentialAction\":[{\"@type\":\"ReadAction\",\"target\":[\"https:\/\/www.countrylife.at\/gesundheitszentrum\/philosophie\/\"]}]},{\"@type\":\"BreadcrumbList\",\"@id\":\"https:\/\/www.countrylife.at\/gesundheitszentrum\/philosophie\/#breadcrumb\",\"itemListElement\":[{\"@type\":\"ListItem\",\"position\":1,\"name\":\"Startseite\",\"item\":\"https:\/\/www.countrylife.at\/gesundheitszentrum\/\"},{\"@type\":\"ListItem\",\"position\":2,\"name\":\"Philosophie\"}]},{\"@type\":\"WebSite\",\"@id\":\"https:\/\/www.countrylife.at\/gesundheitszentrum\/#website\",\"url\":\"https:\/\/www.countrylife.at\/gesundheitszentrum\/\",\"name\":\"Country Life Gesundheitszentrum Mattersdorferhof\",\"description\":\"Das biblisch-christliche Gesundheitszentrum\",\"potentialAction\":[{\"@type\":\"SearchAction\",\"target\":{\"@type\":\"EntryPoint\",\"urlTemplate\":\"https:\/\/www.countrylife.at\/gesundheitszentrum\/?s={search_term_string}\"},\"query-input\":{\"@type\":\"PropertyValueSpecification\",\"valueRequired\":true,\"valueName\":\"search_term_string\"}}],\"inLanguage\":\"de\"}]}<\/script>\n<!-- \/ Yoast SEO plugin. -->","yoast_head_json":{"title":"Philosophie - Country Life Gesundheitszentrum Mattersdorferhof","robots":{"index":"index","follow":"follow","max-snippet":"max-snippet:-1","max-image-preview":"max-image-preview:large","max-video-preview":"max-video-preview:-1"},"canonical":"https:\/\/www.countrylife.at\/gesundheitszentrum\/philosophie\/","og_locale":"de_DE","og_type":"article","og_title":"Philosophie - Country Life Gesundheitszentrum Mattersdorferhof","og_url":"https:\/\/www.countrylife.at\/gesundheitszentrum\/philosophie\/","og_site_name":"Country Life Gesundheitszentrum Mattersdorferhof","article_modified_time":"2020-11-27T13:50:48+00:00","twitter_card":"summary_large_image","twitter_misc":{"Gesch\u00e4tzte Lesezeit":"5\u00a0Minuten"},"schema":{"@context":"https:\/\/schema.org","@graph":[{"@type":"WebPage","@id":"https:\/\/www.countrylife.at\/gesundheitszentrum\/philosophie\/","url":"https:\/\/www.countrylife.at\/gesundheitszentrum\/philosophie\/","name":"Philosophie - Country Life Gesundheitszentrum Mattersdorferhof","isPartOf":{"@id":"https:\/\/www.countrylife.at\/gesundheitszentrum\/#website"},"datePublished":"2020-09-11T09:55:58+00:00","dateModified":"2020-11-27T13:50:48+00:00","breadcrumb":{"@id":"https:\/\/www.countrylife.at\/gesundheitszentrum\/philosophie\/#breadcrumb"},"inLanguage":"de","potentialAction":[{"@type":"ReadAction","target":["https:\/\/www.countrylife.at\/gesundheitszentrum\/philosophie\/"]}]},{"@type":"BreadcrumbList","@id":"https:\/\/www.countrylife.at\/gesundheitszentrum\/philosophie\/#breadcrumb","itemListElement":[{"@type":"ListItem","position":1,"name":"Startseite","item":"https:\/\/www.countrylife.at\/gesundheitszentrum\/"},{"@type":"ListItem","position":2,"name":"Philosophie"}]},{"@type":"WebSite","@id":"https:\/\/www.countrylife.at\/gesundheitszentrum\/#website","url":"https:\/\/www.countrylife.at\/gesundheitszentrum\/","name":"Country Life Gesundheitszentrum Mattersdorferhof","description":"Das biblisch-christliche Gesundheitszentrum","potentialAction":[{"@type":"SearchAction","target":{"@type":"EntryPoint","urlTemplate":"https:\/\/www.countrylife.at\/gesundheitszentrum\/?s={search_term_string}"},"query-input":{"@type":"PropertyValueSpecification","valueRequired":true,"valueName":"search_term_string"}}],"inLanguage":"de"}]}},"_links":{"self":[{"href":"https:\/\/www.countrylife.at\/gesundheitszentrum\/wp-json\/wp\/v2\/pages\/127","targetHints":{"allow":["GET"]}}],"collection":[{"href":"https:\/\/www.countrylife.at\/gesundheitszentrum\/wp-json\/wp\/v2\/pages"}],"about":[{"href":"https:\/\/www.countrylife.at\/gesundheitszentrum\/wp-json\/wp\/v2\/types\/page"}],"author":[{"embeddable":true,"href":"https:\/\/www.countrylife.at\/gesundheitszentrum\/wp-json\/wp\/v2\/users\/1"}],"replies":[{"embeddable":true,"href":"https:\/\/www.countrylife.at\/gesundheitszentrum\/wp-json\/wp\/v2\/comments?post=127"}],"version-history":[{"count":20,"href":"https:\/\/www.countrylife.at\/gesundheitszentrum\/wp-json\/wp\/v2\/pages\/127\/revisions"}],"predecessor-version":[{"id":342,"href":"https:\/\/www.countrylife.at\/gesundheitszentrum\/wp-json\/wp\/v2\/pages\/127\/revisions\/342"}],"wp:attachment":[{"href":"https:\/\/www.countrylife.at\/gesundheitszentrum\/wp-json\/wp\/v2\/media?parent=127"}],"curies":[{"name":"wp","href":"https:\/\/api.w.org\/{rel}","templated":true}]}}