{"id":1521,"date":"2024-02-05T16:11:31","date_gmt":"2024-02-05T15:11:31","guid":{"rendered":"https:\/\/www.countrylife.at\/gesundheitszentrum\/?page_id=1521"},"modified":"2024-02-08T16:47:32","modified_gmt":"2024-02-08T15:47:32","slug":"spenden","status":"publish","type":"page","link":"https:\/\/www.countrylife.at\/gesundheitszentrum\/spenden\/","title":{"rendered":"Spenden"},"content":{"rendered":"\n<style type=\"text\/css\" data-created_by=\"avia_inline_auto\" id=\"style-css-av-a7b3b-878bf9abb3dd9df0105e1a3d7018ef4f\">\n.flex_column.av-a7b3b-878bf9abb3dd9df0105e1a3d7018ef4f{\nborder-radius:0px 0px 0px 0px;\npadding:0px 0px 0px 0px;\n}\n<\/style>\n<div  class='flex_column av-a7b3b-878bf9abb3dd9df0105e1a3d7018ef4f av_one_full  avia-builder-el-0  el_before_av_one_full  avia-builder-el-first  first flex_column_div av-zero-column-padding  '     ><p>\n<style type=\"text\/css\" data-created_by=\"avia_inline_auto\" id=\"style-css-av-25dydt-185681478f0b110c3614bcbb34cee3bb\">\n#top .av-special-heading.av-25dydt-185681478f0b110c3614bcbb34cee3bb{\npadding-bottom:10px;\n}\nbody .av-special-heading.av-25dydt-185681478f0b110c3614bcbb34cee3bb .av-special-heading-tag .heading-char{\nfont-size:25px;\n}\n.av-special-heading.av-25dydt-185681478f0b110c3614bcbb34cee3bb .av-subheading{\nfont-size:15px;\n}\n<\/style>\n<div  class='av-special-heading av-25dydt-185681478f0b110c3614bcbb34cee3bb av-special-heading-h2  avia-builder-el-1  el_before_av_image  avia-builder-el-first '><h2 class='av-special-heading-tag '  itemprop=\"headline\"  >Spendenprojekt Photovoltaik Anlage<\/h2><div class=\"special-heading-border\"><div class=\"special-heading-inner-border\"><\/div><\/div><\/div><br \/>\n\n<style type=\"text\/css\" data-created_by=\"avia_inline_auto\" id=\"style-css-av-key2b6ij-097f75c08295ed8a59111482b49cf243\">\n.avia-image-container.av-key2b6ij-097f75c08295ed8a59111482b49cf243 img.avia_image{\nbox-shadow:none;\n}\n.avia-image-container.av-key2b6ij-097f75c08295ed8a59111482b49cf243 .av-image-caption-overlay-center{\ncolor:#ffffff;\n}\n<\/style>\n<div  class='avia-image-container av-key2b6ij-097f75c08295ed8a59111482b49cf243 av-styling- avia-align-center  avia-builder-el-2  el_after_av_heading  avia-builder-el-last '   itemprop=\"image\" itemscope=\"itemscope\" itemtype=\"https:\/\/schema.org\/ImageObject\" ><div class=\"avia-image-container-inner\"><div class=\"avia-image-overlay-wrap\"><img fetchpriority=\"high\" class='wp-image-1533 avia-img-lazy-loading-not-1533 avia_image ' src='https:\/\/www.countrylife.at\/gesundheitszentrum\/wp-content\/uploads\/2024\/02\/PV_Anlage_2024_web.jpg' alt='' title='PV_Anlage_2024_web'  height=\"600\" width=\"1600\"  itemprop=\"thumbnailUrl\"  \/><\/div><\/div><\/div><\/p><\/div>\n\n<style type=\"text\/css\" data-created_by=\"avia_inline_auto\" id=\"style-css-av-7r70v-642446759de37b493408b9edb7bdd555\">\n.flex_column.av-7r70v-642446759de37b493408b9edb7bdd555{\nborder-radius:0px 0px 0px 0px;\npadding:0px 0px 0px 0px;\n}\n<\/style>\n<div  class='flex_column av-7r70v-642446759de37b493408b9edb7bdd555 av_one_full  avia-builder-el-3  el_after_av_one_full  el_before_av_one_half  first flex_column_div av-zero-column-padding  column-top-margin'     ><section  class='av_textblock_section av-key2eysw-2d53e1635d92709c293f32811453200f '   itemscope=\"itemscope\" itemtype=\"https:\/\/schema.org\/CreativeWork\" ><div class='avia_textblock'  itemprop=\"text\" ><p><strong>Hilf mit, das Country Life Gesundheitszentrum langfristig zu unterst\u00fctzen!<\/strong><\/p>\n<p>Ein Ziel unserer Institution ist, komplett selbstunterhaltend zu werden und nicht dauerhaft auf zus\u00e4tzliche Spenden angewiesen zu sein. Um unsere Ausgaben zu minimieren, aber auch um unabh\u00e4ngig zu sein, m\u00f6chten wir bei bei Strom, Wasser und Kanal m\u00f6glichst autark leben k\u00f6nnen.<\/p>\n<p>Unsere Stromkosten betragen etwa \u20ac6000 &#8211; \u20ac8000 j\u00e4hrlich. Eine massive Reduktion dieser Kosten ist m\u00f6glich durch den Einsatz einer Photovoltaik Anlage mit Batteriespeicher zur Stromerzeugung aus Sonnenlicht. Die Anlage wird zur Zeit errichtet.<\/p>\n<p>Leider sind bisher nur ein Teil der Kosten gedeckt. Ein Panel (\u20ac 100,-) und die dazu ben\u00f6tigte Technik (Batterie, Kabel, Wechselrichter, Umbauten) kostet ca. 500\u20ac. Bei einer Lebensdauer von 25 Jahren produziert das Panel Strom im Wert von ca. 1500\u20ac f\u00fcr uns. Der Betrag, den du jetzt spendest, wird sich in den n\u00e4chsten Jahren mindestens <strong>verdreifachen<\/strong> und unsere Ausgaben f\u00fcr den Strom massiv reduzieren.<\/p>\n<h5>Wenn du dich angesprochen f\u00fchlst, ein Panel oder auch mehrere f\u00fcr Country Life zu finanzieren, kannst du das folgenderma\u00dfen tun:<\/h5>\n<\/div><\/section><\/div>\n<style type=\"text\/css\" data-created_by=\"avia_inline_auto\" id=\"style-css-av-kf55nxyh-dbd0c571356bd0a349b283c2fd30e04c\">\n@keyframes av_boxShadowEffect_av-kf55nxyh-dbd0c571356bd0a349b283c2fd30e04c-column {\n0%   { box-shadow:  0 0 0 0 rgba(0,0,0,0.2); opacity: 1; }\n100% { box-shadow:  0 0 10px 0 rgba(0,0,0,0.2); opacity: 1; }\n}\n.flex_column.av-kf55nxyh-dbd0c571356bd0a349b283c2fd30e04c{\nbox-shadow: 0 0 10px 0 rgba(0,0,0,0.2);\nborder-width:1px;\nborder-color:#bccf0a;\nborder-style:solid;\nborder-radius:4px 4px 4px 4px;\npadding:10px 10px 10px 10px;\nbackground-color:rgba(188,207,10,0.1);\n}\n<\/style>\n<div  class='flex_column av-kf55nxyh-dbd0c571356bd0a349b283c2fd30e04c av_one_half  avia-builder-el-5  el_after_av_one_full  el_before_av_one_half  first flex_column_div shadow-not-animated  column-top-margin'     ><section  class='av_textblock_section av-kf55f72q-09db983fb69a75c2d4a4415e3762cd82 '   itemscope=\"itemscope\" itemtype=\"https:\/\/schema.org\/CreativeWork\" ><div class='avia_textblock'  itemprop=\"text\" ><p><strong>Bankverbindung aus \u00d6sterreich:<\/strong><\/p>\n<p><strong>Konto:<\/strong> \u00d6sterreichisches Institut f\u00fcr Gesundheitsf\u00f6rderung<br \/>\n<strong>Zweck:<\/strong> PV<br \/>\n<strong>IBAN:<\/strong> AT69 4300 0226 3226 0000<br \/>\n<strong>BIC (SWIFT):<\/strong> VBOEATWW<br \/>\nVolksbank Wien<\/p>\n<\/div><\/section><\/div><\/p>\n\n<style type=\"text\/css\" data-created_by=\"avia_inline_auto\" id=\"style-css-av-kf55nxyh-146bfd3ee46fc0584e56a73249ec5f5b\">\n@keyframes av_boxShadowEffect_av-kf55nxyh-146bfd3ee46fc0584e56a73249ec5f5b-column {\n0%   { box-shadow:  0 0 0 0 rgba(0,0,0,0.2); opacity: 1; }\n100% { box-shadow:  0 0 10px 0 rgba(0,0,0,0.2); opacity: 1; }\n}\n.flex_column.av-kf55nxyh-146bfd3ee46fc0584e56a73249ec5f5b{\nbox-shadow: 0 0 10px 0 rgba(0,0,0,0.2);\nborder-width:1px;\nborder-color:#bccf0a;\nborder-style:solid;\nborder-radius:4px 4px 4px 4px;\npadding:10px 10px 10px 10px;\nbackground-color:rgba(188,207,10,0.1);\n}\n<\/style>\n<div  class='flex_column av-kf55nxyh-146bfd3ee46fc0584e56a73249ec5f5b av_one_half  avia-builder-el-7  el_after_av_one_half  el_before_av_one_full  flex_column_div shadow-not-animated  column-top-margin'     ><section  class='av_textblock_section av-kf55f72q-09db983fb69a75c2d4a4415e3762cd82 '   itemscope=\"itemscope\" itemtype=\"https:\/\/schema.org\/CreativeWork\" ><div class='avia_textblock'  itemprop=\"text\" ><p><strong>Bankverbindung aus Deutschland<\/strong> mit Spendenquittung:<\/p>\n<p><strong>Konto:<\/strong> ASI Deutschland e.V.<br \/>\n<strong>Zweck:<\/strong> TGM-Mattersdorferhof-PV<br class=\"avia-permanent-lb\" \/><strong>IBAN:<\/strong> DE51 6025 0010 0015 1194 05 <br class=\"avia-permanent-lb\" \/><strong>BIC (SWIFT):<\/strong>\u00a0SOLADES1WBN<br \/>\nKreissparkasse Waiblingen<\/p>\n<\/div><\/section><\/div>\n\n<style type=\"text\/css\" data-created_by=\"avia_inline_auto\" id=\"style-css-av-319xjl-b72a8772167571b22f2c50913d2b8db6\">\n.flex_column.av-319xjl-b72a8772167571b22f2c50913d2b8db6{\nborder-radius:0px 0px 0px 0px;\npadding:0px 0px 0px 0px;\n}\n<\/style>\n<div  class='flex_column av-319xjl-b72a8772167571b22f2c50913d2b8db6 av_one_full  avia-builder-el-9  el_after_av_one_half  avia-builder-el-last  first flex_column_div av-zero-column-padding  column-top-margin'     ><section  class='av_textblock_section av-ls94qbq9-e3911307f91664aba08ce065efa20e3e '   itemscope=\"itemscope\" itemtype=\"https:\/\/schema.org\/CreativeWork\" ><div class='avia_textblock'  itemprop=\"text\" ><p>F\u00fcr weitere Informationen \u00fcber das Projekt folge unserem <a href=\"https:\/\/t.me\/CountryLifeGesundheitszentrum\" target=\"_blank\" rel=\"noopener\">Telegram Kanal<\/a> auf dem wir euch auf dem laufenden halten.<\/p>\n<\/div><\/section><\/div>\n","protected":false},"excerpt":{"rendered":"","protected":false},"author":4,"featured_media":0,"parent":0,"menu_order":0,"comment_status":"closed","ping_status":"closed","template":"","meta":{"footnotes":""},"class_list":["post-1521","page","type-page","status-publish","hentry"],"yoast_head":"<!-- This site is optimized with the Yoast SEO plugin v26.9 - https:\/\/yoast.com\/product\/yoast-seo-wordpress\/ -->\n<title>Spenden - Country Life Gesundheitszentrum Mattersdorferhof<\/title>\n<meta name=\"robots\" content=\"index, follow, max-snippet:-1, max-image-preview:large, max-video-preview:-1\" \/>\n<link rel=\"canonical\" href=\"https:\/\/www.countrylife.at\/gesundheitszentrum\/spenden\/\" \/>\n<meta property=\"og:locale\" content=\"de_DE\" \/>\n<meta property=\"og:type\" content=\"article\" \/>\n<meta property=\"og:title\" content=\"Spenden - Country Life Gesundheitszentrum Mattersdorferhof\" \/>\n<meta property=\"og:url\" content=\"https:\/\/www.countrylife.at\/gesundheitszentrum\/spenden\/\" \/>\n<meta property=\"og:site_name\" content=\"Country Life Gesundheitszentrum Mattersdorferhof\" \/>\n<meta property=\"article:modified_time\" content=\"2024-02-08T15:47:32+00:00\" \/>\n<meta name=\"twitter:card\" content=\"summary_large_image\" \/>\n<meta name=\"twitter:label1\" content=\"Gesch\u00e4tzte Lesezeit\" \/>\n\t<meta name=\"twitter:data1\" content=\"3\u00a0Minuten\" \/>\n<script type=\"application\/ld+json\" class=\"yoast-schema-graph\">{\"@context\":\"https:\/\/schema.org\",\"@graph\":[{\"@type\":\"WebPage\",\"@id\":\"https:\/\/www.countrylife.at\/gesundheitszentrum\/spenden\/\",\"url\":\"https:\/\/www.countrylife.at\/gesundheitszentrum\/spenden\/\",\"name\":\"Spenden - Country Life Gesundheitszentrum Mattersdorferhof\",\"isPartOf\":{\"@id\":\"https:\/\/www.countrylife.at\/gesundheitszentrum\/#website\"},\"datePublished\":\"2024-02-05T15:11:31+00:00\",\"dateModified\":\"2024-02-08T15:47:32+00:00\",\"breadcrumb\":{\"@id\":\"https:\/\/www.countrylife.at\/gesundheitszentrum\/spenden\/#breadcrumb\"},\"inLanguage\":\"de\",\"potentialAction\":[{\"@type\":\"ReadAction\",\"target\":[\"https:\/\/www.countrylife.at\/gesundheitszentrum\/spenden\/\"]}]},{\"@type\":\"BreadcrumbList\",\"@id\":\"https:\/\/www.countrylife.at\/gesundheitszentrum\/spenden\/#breadcrumb\",\"itemListElement\":[{\"@type\":\"ListItem\",\"position\":1,\"name\":\"Startseite\",\"item\":\"https:\/\/www.countrylife.at\/gesundheitszentrum\/\"},{\"@type\":\"ListItem\",\"position\":2,\"name\":\"Spenden\"}]},{\"@type\":\"WebSite\",\"@id\":\"https:\/\/www.countrylife.at\/gesundheitszentrum\/#website\",\"url\":\"https:\/\/www.countrylife.at\/gesundheitszentrum\/\",\"name\":\"Country Life Gesundheitszentrum Mattersdorferhof\",\"description\":\"Das biblisch-christliche Gesundheitszentrum\",\"potentialAction\":[{\"@type\":\"SearchAction\",\"target\":{\"@type\":\"EntryPoint\",\"urlTemplate\":\"https:\/\/www.countrylife.at\/gesundheitszentrum\/?s={search_term_string}\"},\"query-input\":{\"@type\":\"PropertyValueSpecification\",\"valueRequired\":true,\"valueName\":\"search_term_string\"}}],\"inLanguage\":\"de\"}]}<\/script>\n<!-- \/ Yoast SEO plugin. -->","yoast_head_json":{"title":"Spenden - Country Life Gesundheitszentrum Mattersdorferhof","robots":{"index":"index","follow":"follow","max-snippet":"max-snippet:-1","max-image-preview":"max-image-preview:large","max-video-preview":"max-video-preview:-1"},"canonical":"https:\/\/www.countrylife.at\/gesundheitszentrum\/spenden\/","og_locale":"de_DE","og_type":"article","og_title":"Spenden - Country Life Gesundheitszentrum Mattersdorferhof","og_url":"https:\/\/www.countrylife.at\/gesundheitszentrum\/spenden\/","og_site_name":"Country Life Gesundheitszentrum Mattersdorferhof","article_modified_time":"2024-02-08T15:47:32+00:00","twitter_card":"summary_large_image","twitter_misc":{"Gesch\u00e4tzte Lesezeit":"3\u00a0Minuten"},"schema":{"@context":"https:\/\/schema.org","@graph":[{"@type":"WebPage","@id":"https:\/\/www.countrylife.at\/gesundheitszentrum\/spenden\/","url":"https:\/\/www.countrylife.at\/gesundheitszentrum\/spenden\/","name":"Spenden - Country Life Gesundheitszentrum Mattersdorferhof","isPartOf":{"@id":"https:\/\/www.countrylife.at\/gesundheitszentrum\/#website"},"datePublished":"2024-02-05T15:11:31+00:00","dateModified":"2024-02-08T15:47:32+00:00","breadcrumb":{"@id":"https:\/\/www.countrylife.at\/gesundheitszentrum\/spenden\/#breadcrumb"},"inLanguage":"de","potentialAction":[{"@type":"ReadAction","target":["https:\/\/www.countrylife.at\/gesundheitszentrum\/spenden\/"]}]},{"@type":"BreadcrumbList","@id":"https:\/\/www.countrylife.at\/gesundheitszentrum\/spenden\/#breadcrumb","itemListElement":[{"@type":"ListItem","position":1,"name":"Startseite","item":"https:\/\/www.countrylife.at\/gesundheitszentrum\/"},{"@type":"ListItem","position":2,"name":"Spenden"}]},{"@type":"WebSite","@id":"https:\/\/www.countrylife.at\/gesundheitszentrum\/#website","url":"https:\/\/www.countrylife.at\/gesundheitszentrum\/","name":"Country Life Gesundheitszentrum Mattersdorferhof","description":"Das biblisch-christliche Gesundheitszentrum","potentialAction":[{"@type":"SearchAction","target":{"@type":"EntryPoint","urlTemplate":"https:\/\/www.countrylife.at\/gesundheitszentrum\/?s={search_term_string}"},"query-input":{"@type":"PropertyValueSpecification","valueRequired":true,"valueName":"search_term_string"}}],"inLanguage":"de"}]}},"_links":{"self":[{"href":"https:\/\/www.countrylife.at\/gesundheitszentrum\/wp-json\/wp\/v2\/pages\/1521","targetHints":{"allow":["GET"]}}],"collection":[{"href":"https:\/\/www.countrylife.at\/gesundheitszentrum\/wp-json\/wp\/v2\/pages"}],"about":[{"href":"https:\/\/www.countrylife.at\/gesundheitszentrum\/wp-json\/wp\/v2\/types\/page"}],"author":[{"embeddable":true,"href":"https:\/\/www.countrylife.at\/gesundheitszentrum\/wp-json\/wp\/v2\/users\/4"}],"replies":[{"embeddable":true,"href":"https:\/\/www.countrylife.at\/gesundheitszentrum\/wp-json\/wp\/v2\/comments?post=1521"}],"version-history":[{"count":10,"href":"https:\/\/www.countrylife.at\/gesundheitszentrum\/wp-json\/wp\/v2\/pages\/1521\/revisions"}],"predecessor-version":[{"id":1551,"href":"https:\/\/www.countrylife.at\/gesundheitszentrum\/wp-json\/wp\/v2\/pages\/1521\/revisions\/1551"}],"wp:attachment":[{"href":"https:\/\/www.countrylife.at\/gesundheitszentrum\/wp-json\/wp\/v2\/media?parent=1521"}],"curies":[{"name":"wp","href":"https:\/\/api.w.org\/{rel}","templated":true}]}}