{"id":202,"date":"2020-10-14T19:54:31","date_gmt":"2020-10-14T17:54:31","guid":{"rendered":"http:\/\/www.countrylife.at\/gesundheitszentrum\/?page_id=202"},"modified":"2026-01-16T12:12:13","modified_gmt":"2026-01-16T11:12:13","slug":"ausbildung","status":"publish","type":"page","link":"https:\/\/www.countrylife.at\/gesundheitszentrum\/ausbildung\/","title":{"rendered":"Ausbildung"},"content":{"rendered":"\n<style type=\"text\/css\" data-created_by=\"avia_inline_auto\" id=\"style-css-av-a7b3b-878bf9abb3dd9df0105e1a3d7018ef4f\">\n.flex_column.av-a7b3b-878bf9abb3dd9df0105e1a3d7018ef4f{\nborder-radius:0px 0px 0px 0px;\npadding:0px 0px 0px 0px;\n}\n<\/style>\n<div  class='flex_column av-a7b3b-878bf9abb3dd9df0105e1a3d7018ef4f av_one_full  avia-builder-el-0  el_before_av_one_half  avia-builder-el-first  first flex_column_div av-zero-column-padding  '     ><p>\n<style type=\"text\/css\" data-created_by=\"avia_inline_auto\" id=\"style-css-av-kg9oxvn7-063bd6ec2abaa5400ca69e225b55aff8\">\n#top .av-special-heading.av-kg9oxvn7-063bd6ec2abaa5400ca69e225b55aff8{\npadding-bottom:10px;\n}\nbody .av-special-heading.av-kg9oxvn7-063bd6ec2abaa5400ca69e225b55aff8 .av-special-heading-tag .heading-char{\nfont-size:25px;\n}\n.av-special-heading.av-kg9oxvn7-063bd6ec2abaa5400ca69e225b55aff8 .av-subheading{\nfont-size:15px;\n}\n<\/style>\n<div  class='av-special-heading av-kg9oxvn7-063bd6ec2abaa5400ca69e225b55aff8 av-special-heading-h2  avia-builder-el-1  el_before_av_image  avia-builder-el-first '><h2 class='av-special-heading-tag '  itemprop=\"headline\"  >Ausbildung<\/h2><div class=\"special-heading-border\"><div class=\"special-heading-inner-border\"><\/div><\/div><\/div><br \/>\n\n<style type=\"text\/css\" data-created_by=\"avia_inline_auto\" id=\"style-css-av-key2b6ij-17921885fc978151bb2560df7a12aec7\">\n.avia-image-container.av-key2b6ij-17921885fc978151bb2560df7a12aec7 img.avia_image{\nbox-shadow:none;\n}\n.avia-image-container.av-key2b6ij-17921885fc978151bb2560df7a12aec7 .av-image-caption-overlay-center{\ncolor:#ffffff;\n}\n<\/style>\n<div  class='avia-image-container av-key2b6ij-17921885fc978151bb2560df7a12aec7 av-styling- avia-align-center  avia-builder-el-2  el_after_av_heading  avia-builder-el-last '   itemprop=\"image\" itemscope=\"itemscope\" itemtype=\"https:\/\/schema.org\/ImageObject\" ><div class=\"avia-image-container-inner\"><div class=\"avia-image-overlay-wrap\"><img fetchpriority=\"high\" class='wp-image-208 avia-img-lazy-loading-not-208 avia_image ' src='https:\/\/www.countrylife.at\/gesundheitszentrum\/wp-content\/uploads\/2020\/10\/silder_kraeutergarten-1030x386.jpg' alt='' title='silder_kraeutergarten'  height=\"386\" width=\"1030\"  itemprop=\"thumbnailUrl\"  \/><\/div><\/div><\/div><\/p><\/div>\n\n<style type=\"text\/css\" data-created_by=\"avia_inline_auto\" id=\"style-css-av-7r70v-642446759de37b493408b9edb7bdd555\">\n.flex_column.av-7r70v-642446759de37b493408b9edb7bdd555{\nborder-radius:0px 0px 0px 0px;\npadding:0px 0px 0px 0px;\n}\n<\/style>\n<div  class='flex_column av-7r70v-642446759de37b493408b9edb7bdd555 av_one_half  avia-builder-el-3  el_after_av_one_full  el_before_av_one_half  first flex_column_div av-zero-column-padding  column-top-margin'     ><section  class='av_textblock_section av-key2eysw-467b2a3b993604a846756abac33e11b5 '   itemscope=\"itemscope\" itemtype=\"https:\/\/schema.org\/CreativeWork\" ><div class='avia_textblock'  itemprop=\"text\" ><h3 class=\"titel\">Ausbildung zum Lifestylecoach<\/h3>\n<p>Ausbildungsordnung \u2013 Basiskurs Lifestylecounsellor<br \/>\n19. J\u00e4nner \u2013 6. Dezember 2026<\/p>\n<p><strong><span class=\"titel2\">Ziel<\/span><\/strong><br \/>\nDie Ausbildung \u201eGrundkurs Lifestylecounsellor\u201c basiert auf dem christlich &#8211; holistischen Verst\u00e4ndnis einer Einheit von K\u00f6rper, Seele und Geist und hat zum Ziel, eine vielseitig nutzbare Basisausbildung f\u00fcr berufliche, aber auch private Zwecke anzubieten. Der Absolvent kann dieses Wissen sofort und unmittelbar in seinem pers\u00f6nlichen Leben umsetzen, und auch f\u00fcr berufliche Zwecke nutzen (zB in Reformhaus, Restaurant, Mitarbeit in Gesundheitszentren). Der Kurs bietet auch eine gute Vorbildung f\u00fcr eine eventuelle sp\u00e4tere medizinische Ausbildung. Des weiteren bekommt der Absolvent Grundlagen zur selbst\u00e4ndigen Durchf\u00fchrung von Gesundheitsausstellungen, Koch- und Backkursen, Kr\u00e4uterwanderungen etc. vermittelt.<\/p>\n<p><strong><span class=\"titel2\">Ausbildungsdauer und Wochenstundenanzahl<\/span><\/strong><br \/>\nDie Dauer der Ausbildung betr\u00e4gt 43 Wochen und umfasst etwa 1300 Stunden (siehe Stundentafel)<br \/>\nMo-Do 7 Std, Fr 3 Std: Wochenstundenanzahl: 31<\/p>\n<p><strong><span class=\"titel2\">Beurteilung<\/span><\/strong><br \/>\nF\u00fcr eine positive Beurteilung der Ausbildung sind folgende Kriterien ma\u00dfgeblich:<br \/>\n&#8211; Anwesenheitspflicht: Anwesenheit bei mind. 95% der Stunden eines Faches<br \/>\n&#8211; positiver Abschluss jedes Faches (eine Pr\u00fcfungswiederholung ist zul\u00e4ssig)<\/p>\n<p><strong><span class=\"titel2\">Kurskosten<\/span><\/strong><br \/>\nEUR 4.000,- zzgl. EUR 1.200,- Auslandspraktikum<\/p>\n<p><strong><span class=\"titel2\">Datum:<\/span><\/strong><br \/>\n19. J\u00e4nner \u2013 6. Dezember 2026<\/p>\n<\/div><\/section><\/div>\n<style type=\"text\/css\" data-created_by=\"avia_inline_auto\" id=\"style-css-av-kf55nxyh-146bfd3ee46fc0584e56a73249ec5f5b\">\n@keyframes av_boxShadowEffect_av-kf55nxyh-146bfd3ee46fc0584e56a73249ec5f5b-column {\n0%   { box-shadow:  0 0 0 0 rgba(0,0,0,0.2); opacity: 1; }\n100% { box-shadow:  0 0 10px 0 rgba(0,0,0,0.2); opacity: 1; }\n}\n.flex_column.av-kf55nxyh-146bfd3ee46fc0584e56a73249ec5f5b{\nbox-shadow: 0 0 10px 0 rgba(0,0,0,0.2);\nborder-width:1px;\nborder-color:#bccf0a;\nborder-style:solid;\nborder-radius:4px 4px 4px 4px;\npadding:10px 10px 10px 10px;\nbackground-color:rgba(188,207,10,0.1);\n}\n<\/style>\n<div  class='flex_column av-kf55nxyh-146bfd3ee46fc0584e56a73249ec5f5b av_one_half  avia-builder-el-5  el_after_av_one_half  el_before_av_one_full  flex_column_div shadow-not-animated  column-top-margin'     ><section  class='av_textblock_section av-kf55f72q-09db983fb69a75c2d4a4415e3762cd82 '   itemscope=\"itemscope\" itemtype=\"https:\/\/schema.org\/CreativeWork\" ><div class='avia_textblock'  itemprop=\"text\" ><p><strong><span class=\"titel2\">Ort<\/span>:<\/strong><br \/>\nHaus Mattersdorferhof<br \/>\nMattersdorf 10<br \/>\n9560 Feldkirchen<\/p>\n<p><strong><span class=\"titel2\">Tr\u00e4gerverein<\/span><\/strong><br \/>\n\u00d6sterreichisches Institut f\u00fcr Gesundheitsf\u00f6rderung<br \/>\nZVR-Zahl: 776505019<\/p>\n<p><strong><span class=\"titel2\">Ansprechpartner<\/span>:<\/strong><br \/>\nDI Klaus Reinprecht: <a href=\"mailto:kr@countrylife.at\">kr@countrylife.at<\/a><\/p>\n<p>Anmerkung: Aus Gr\u00fcnden der besseren Lesbarkeit wird auf die gleichzeitige Verwendung m\u00e4nnlicher und weiblicher Sprachformen verzichtet. S\u00e4mtliche Personenbezeichnungen gelten gleichwohl f\u00fcr beiderlei Geschlecht.<\/p>\n<\/div><\/section><\/div><\/p>\n\n<style type=\"text\/css\" data-created_by=\"avia_inline_auto\" id=\"style-css-av-9f2y2-ca8626382720a514bad2adc7608a7e35\">\n.flex_column.av-9f2y2-ca8626382720a514bad2adc7608a7e35{\nborder-radius:0px 0px 0px 0px;\npadding:0px 0px 0px 0px;\n}\n<\/style>\n<div  class='flex_column av-9f2y2-ca8626382720a514bad2adc7608a7e35 av_one_full  avia-builder-el-7  el_after_av_one_half  avia-builder-el-last  first flex_column_div av-zero-column-padding  column-top-margin'     ><section  class='av_textblock_section av-key2eysw-1-4dad2553ef6c27837f489894eebf80a0 '   itemscope=\"itemscope\" itemtype=\"https:\/\/schema.org\/CreativeWork\" ><div class='avia_textblock'  itemprop=\"text\" ><p><span class=\"titel2\"><strong>Curriculum<\/strong><br \/>\n<\/span>(\u00c4nderungen vorbehalten)<\/p>\n<table border=\"0\" width=\"300\" cellspacing=\"0\" cellpadding=\"2\">\n<tbody>\n<tr>\n<td>Stundenplan<\/td>\n<td><img loading=\"lazy\" decoding=\"async\" src=\"http:\/\/www.countrylife.at\/pix\/i_trans.gif\" width=\"10\" height=\"5\" \/><\/td>\n<td><\/td>\n<\/tr>\n<tr bgcolor=\"#F8CE9C\">\n<td>Gesundheitsphilosophie<\/td>\n<td><\/td>\n<td valign=\"top\">\n<div align=\"right\">24<\/div>\n<\/td>\n<\/tr>\n<tr>\n<td>Gesundheitserziehung<\/td>\n<td><\/td>\n<td valign=\"top\">\n<div align=\"right\">28<\/div>\n<\/td>\n<\/tr>\n<tr bgcolor=\"#F8CE9C\">\n<td>Hygiene<\/td>\n<td><\/td>\n<td valign=\"top\">\n<div align=\"right\">15<\/div>\n<\/td>\n<\/tr>\n<tr>\n<td>Gesundheitsstatistik<\/td>\n<td><\/td>\n<td valign=\"top\">\n<div align=\"right\">16<\/div>\n<\/td>\n<\/tr>\n<tr bgcolor=\"#F8CE9C\">\n<td>Erste Hilfe<\/td>\n<td><\/td>\n<td valign=\"top\">\n<div align=\"right\">12<\/div>\n<\/td>\n<\/tr>\n<tr>\n<td>Mentale Gesundheit<\/td>\n<td><\/td>\n<td valign=\"top\">\n<div align=\"right\">80<\/div>\n<\/td>\n<\/tr>\n<tr bgcolor=\"#F8CE9C\">\n<td>Biblische Prinzipien der Gesundheit<\/td>\n<td><\/td>\n<td valign=\"top\">\n<div align=\"right\">20<\/div>\n<\/td>\n<\/tr>\n<tr>\n<td>Ern\u00e4hrungslehre &#038; Di\u00e4tetik<\/td>\n<td><\/td>\n<td valign=\"top\">\n<div align=\"right\">70<\/div>\n<\/td>\n<\/tr>\n<tr bgcolor=\"#F8CE9C\">\n<td>Kochen Theorie<\/td>\n<td><\/td>\n<td valign=\"top\">\n<div align=\"right\">\n<p>70<\/p>\n<\/div>\n<\/td>\n<\/tr>\n<tr>\n<td>Kr\u00e4uter- und Pflanzenkunde<\/td>\n<td><\/td>\n<td valign=\"top\">\n<div align=\"right\">50<\/div>\n<\/td>\n<\/tr>\n<tr bgcolor=\"#F8CE9C\">\n<td>Organisation, Vorbereitung und Durchf\u00fchrung einer Gesundheitsausstellung<\/td>\n<td><\/td>\n<td valign=\"top\">\n<div align=\"right\">50<\/div>\n<\/td>\n<\/tr>\n<tr>\n<td>Grundz\u00fcge der Atem- &#038; Sprechtechnik<\/td>\n<td><\/td>\n<td valign=\"top\">\n<div align=\"right\">7<\/div>\n<\/td>\n<\/tr>\n<tr bgcolor=\"#F8CE9C\">\n<td>Pr\u00e4sentationstechnik<\/td>\n<td><\/td>\n<td valign=\"top\">\n<div align=\"right\">10<\/div>\n<\/td>\n<\/tr>\n<tr>\n<td>Gesundheitsseminar Vorbereitung<\/td>\n<td><\/td>\n<td valign=\"top\">\n<div align=\"right\">20<\/div>\n<\/td>\n<\/tr>\n<tr bgcolor=\"#F8CE9C\">\n<td>Gesundheitsseminar Durchf\u00fchrung<\/td>\n<td><\/td>\n<td valign=\"top\">\n<div align=\"right\">27<\/div>\n<\/td>\n<\/tr>\n<tr>\n<td>Biologischer Gartenbau<\/td>\n<td><\/td>\n<td valign=\"top\">\n<div align=\"right\">50<\/div>\n<\/td>\n<\/tr>\n<tr bgcolor=\"#F8CE9C\">\n<td>Workshops &#8211; Aufbau und Durchf\u00fchrung<\/td>\n<td><\/td>\n<td valign=\"top\">\n<div align=\"right\">24<\/div>\n<\/td>\n<\/tr>\n<tr>\n<td>Studierzeit<\/td>\n<td><\/td>\n<td valign=\"top\">\n<div align=\"right\">250<\/div>\n<\/td>\n<\/tr>\n<tr bgcolor=\"#F8CE9C\">\n<td>Supervision<\/td>\n<td><\/td>\n<td valign=\"top\">\n<div align=\"right\">30<\/div>\n<\/td>\n<\/tr>\n<tr>\n<td>Hilfen aus der Natur &#8211; Wasser, Sonne, Luft, &#8230;<\/td>\n<td><\/td>\n<td valign=\"top\">\n<div align=\"right\">20<\/div>\n<\/td>\n<\/tr>\n<tr bgcolor=\"#F8CE9C\">\n<td>Praktischer Unterricht (Kochen, Organisation, Warenwirtschaft)<\/td>\n<td><\/td>\n<td valign=\"top\">\n<div align=\"right\">300<\/div>\n<\/td>\n<\/tr>\n<tr>\n<td>Gartenbau Praxis<\/td>\n<td><\/td>\n<td valign=\"top\">\n<div align=\"right\">150<\/div>\n<\/td>\n<\/tr>\n<tr bgcolor=\"#F8CE9C\">\n<td><img loading=\"lazy\" decoding=\"async\" src=\"http:\/\/www.countrylife.at\/pix\/i_trans.gif\" width=\"10\" height=\"5\" \/><\/td>\n<td><img loading=\"lazy\" decoding=\"async\" src=\"http:\/\/www.countrylife.at\/pix\/i_trans.gif\" width=\"10\" height=\"5\" \/><\/td>\n<td valign=\"top\">\n<div align=\"right\"><img loading=\"lazy\" decoding=\"async\" src=\"http:\/\/www.countrylife.at\/pix\/i_trans.gif\" width=\"10\" height=\"5\" \/><\/div>\n<\/td>\n<\/tr>\n<tr>\n<td>Gesamt<\/td>\n<td><\/td>\n<td valign=\"top\">\n<div align=\"right\">1323<\/div>\n<\/td>\n<\/tr>\n<tr>\n<td><\/td>\n<td><\/td>\n<td valign=\"top\">\n<div align=\"right\"><\/div>\n<\/td>\n<\/tr>\n<\/tbody>\n<\/table>\n<p>Bitte beachten Sie, dass aufgrund der Vielseitigkeit des Lehrplans und der K\u00fcrze der Ausbildung kein staatlich anerkannter Abschluss gew\u00e4hrt werden kann.<\/p>\n<\/div><\/section><\/div>\n","protected":false},"excerpt":{"rendered":"","protected":false},"author":1,"featured_media":0,"parent":0,"menu_order":0,"comment_status":"closed","ping_status":"closed","template":"","meta":{"footnotes":""},"class_list":["post-202","page","type-page","status-publish","hentry"],"yoast_head":"<!-- This site is optimized with the Yoast SEO plugin v26.9 - https:\/\/yoast.com\/product\/yoast-seo-wordpress\/ -->\n<title>Ausbildung - Country Life Gesundheitszentrum Mattersdorferhof<\/title>\n<meta name=\"robots\" content=\"index, follow, max-snippet:-1, max-image-preview:large, max-video-preview:-1\" \/>\n<link rel=\"canonical\" href=\"https:\/\/www.countrylife.at\/gesundheitszentrum\/ausbildung\/\" \/>\n<meta property=\"og:locale\" content=\"de_DE\" \/>\n<meta property=\"og:type\" content=\"article\" \/>\n<meta property=\"og:title\" content=\"Ausbildung - Country Life Gesundheitszentrum Mattersdorferhof\" \/>\n<meta property=\"og:url\" content=\"https:\/\/www.countrylife.at\/gesundheitszentrum\/ausbildung\/\" \/>\n<meta property=\"og:site_name\" content=\"Country Life Gesundheitszentrum Mattersdorferhof\" \/>\n<meta property=\"article:modified_time\" content=\"2026-01-16T11:12:13+00:00\" \/>\n<meta property=\"og:image\" content=\"http:\/\/www.countrylife.at\/pix\/i_trans.gif\" \/>\n<meta name=\"twitter:card\" content=\"summary_large_image\" \/>\n<meta name=\"twitter:label1\" content=\"Gesch\u00e4tzte Lesezeit\" \/>\n\t<meta name=\"twitter:data1\" content=\"3\u00a0Minuten\" \/>\n<script type=\"application\/ld+json\" class=\"yoast-schema-graph\">{\"@context\":\"https:\/\/schema.org\",\"@graph\":[{\"@type\":\"WebPage\",\"@id\":\"https:\/\/www.countrylife.at\/gesundheitszentrum\/ausbildung\/\",\"url\":\"https:\/\/www.countrylife.at\/gesundheitszentrum\/ausbildung\/\",\"name\":\"Ausbildung - Country Life Gesundheitszentrum Mattersdorferhof\",\"isPartOf\":{\"@id\":\"https:\/\/www.countrylife.at\/gesundheitszentrum\/#website\"},\"primaryImageOfPage\":{\"@id\":\"https:\/\/www.countrylife.at\/gesundheitszentrum\/ausbildung\/#primaryimage\"},\"image\":{\"@id\":\"https:\/\/www.countrylife.at\/gesundheitszentrum\/ausbildung\/#primaryimage\"},\"thumbnailUrl\":\"http:\/\/www.countrylife.at\/pix\/i_trans.gif\",\"datePublished\":\"2020-10-14T17:54:31+00:00\",\"dateModified\":\"2026-01-16T11:12:13+00:00\",\"breadcrumb\":{\"@id\":\"https:\/\/www.countrylife.at\/gesundheitszentrum\/ausbildung\/#breadcrumb\"},\"inLanguage\":\"de\",\"potentialAction\":[{\"@type\":\"ReadAction\",\"target\":[\"https:\/\/www.countrylife.at\/gesundheitszentrum\/ausbildung\/\"]}]},{\"@type\":\"ImageObject\",\"inLanguage\":\"de\",\"@id\":\"https:\/\/www.countrylife.at\/gesundheitszentrum\/ausbildung\/#primaryimage\",\"url\":\"http:\/\/www.countrylife.at\/pix\/i_trans.gif\",\"contentUrl\":\"http:\/\/www.countrylife.at\/pix\/i_trans.gif\"},{\"@type\":\"BreadcrumbList\",\"@id\":\"https:\/\/www.countrylife.at\/gesundheitszentrum\/ausbildung\/#breadcrumb\",\"itemListElement\":[{\"@type\":\"ListItem\",\"position\":1,\"name\":\"Startseite\",\"item\":\"https:\/\/www.countrylife.at\/gesundheitszentrum\/\"},{\"@type\":\"ListItem\",\"position\":2,\"name\":\"Ausbildung\"}]},{\"@type\":\"WebSite\",\"@id\":\"https:\/\/www.countrylife.at\/gesundheitszentrum\/#website\",\"url\":\"https:\/\/www.countrylife.at\/gesundheitszentrum\/\",\"name\":\"Country Life Gesundheitszentrum Mattersdorferhof\",\"description\":\"Das biblisch-christliche Gesundheitszentrum\",\"potentialAction\":[{\"@type\":\"SearchAction\",\"target\":{\"@type\":\"EntryPoint\",\"urlTemplate\":\"https:\/\/www.countrylife.at\/gesundheitszentrum\/?s={search_term_string}\"},\"query-input\":{\"@type\":\"PropertyValueSpecification\",\"valueRequired\":true,\"valueName\":\"search_term_string\"}}],\"inLanguage\":\"de\"}]}<\/script>\n<!-- \/ Yoast SEO plugin. -->","yoast_head_json":{"title":"Ausbildung - Country Life Gesundheitszentrum Mattersdorferhof","robots":{"index":"index","follow":"follow","max-snippet":"max-snippet:-1","max-image-preview":"max-image-preview:large","max-video-preview":"max-video-preview:-1"},"canonical":"https:\/\/www.countrylife.at\/gesundheitszentrum\/ausbildung\/","og_locale":"de_DE","og_type":"article","og_title":"Ausbildung - Country Life Gesundheitszentrum Mattersdorferhof","og_url":"https:\/\/www.countrylife.at\/gesundheitszentrum\/ausbildung\/","og_site_name":"Country Life Gesundheitszentrum Mattersdorferhof","article_modified_time":"2026-01-16T11:12:13+00:00","og_image":[{"url":"http:\/\/www.countrylife.at\/pix\/i_trans.gif","type":"","width":"","height":""}],"twitter_card":"summary_large_image","twitter_misc":{"Gesch\u00e4tzte Lesezeit":"3\u00a0Minuten"},"schema":{"@context":"https:\/\/schema.org","@graph":[{"@type":"WebPage","@id":"https:\/\/www.countrylife.at\/gesundheitszentrum\/ausbildung\/","url":"https:\/\/www.countrylife.at\/gesundheitszentrum\/ausbildung\/","name":"Ausbildung - Country Life Gesundheitszentrum Mattersdorferhof","isPartOf":{"@id":"https:\/\/www.countrylife.at\/gesundheitszentrum\/#website"},"primaryImageOfPage":{"@id":"https:\/\/www.countrylife.at\/gesundheitszentrum\/ausbildung\/#primaryimage"},"image":{"@id":"https:\/\/www.countrylife.at\/gesundheitszentrum\/ausbildung\/#primaryimage"},"thumbnailUrl":"http:\/\/www.countrylife.at\/pix\/i_trans.gif","datePublished":"2020-10-14T17:54:31+00:00","dateModified":"2026-01-16T11:12:13+00:00","breadcrumb":{"@id":"https:\/\/www.countrylife.at\/gesundheitszentrum\/ausbildung\/#breadcrumb"},"inLanguage":"de","potentialAction":[{"@type":"ReadAction","target":["https:\/\/www.countrylife.at\/gesundheitszentrum\/ausbildung\/"]}]},{"@type":"ImageObject","inLanguage":"de","@id":"https:\/\/www.countrylife.at\/gesundheitszentrum\/ausbildung\/#primaryimage","url":"http:\/\/www.countrylife.at\/pix\/i_trans.gif","contentUrl":"http:\/\/www.countrylife.at\/pix\/i_trans.gif"},{"@type":"BreadcrumbList","@id":"https:\/\/www.countrylife.at\/gesundheitszentrum\/ausbildung\/#breadcrumb","itemListElement":[{"@type":"ListItem","position":1,"name":"Startseite","item":"https:\/\/www.countrylife.at\/gesundheitszentrum\/"},{"@type":"ListItem","position":2,"name":"Ausbildung"}]},{"@type":"WebSite","@id":"https:\/\/www.countrylife.at\/gesundheitszentrum\/#website","url":"https:\/\/www.countrylife.at\/gesundheitszentrum\/","name":"Country Life Gesundheitszentrum Mattersdorferhof","description":"Das biblisch-christliche Gesundheitszentrum","potentialAction":[{"@type":"SearchAction","target":{"@type":"EntryPoint","urlTemplate":"https:\/\/www.countrylife.at\/gesundheitszentrum\/?s={search_term_string}"},"query-input":{"@type":"PropertyValueSpecification","valueRequired":true,"valueName":"search_term_string"}}],"inLanguage":"de"}]}},"_links":{"self":[{"href":"https:\/\/www.countrylife.at\/gesundheitszentrum\/wp-json\/wp\/v2\/pages\/202","targetHints":{"allow":["GET"]}}],"collection":[{"href":"https:\/\/www.countrylife.at\/gesundheitszentrum\/wp-json\/wp\/v2\/pages"}],"about":[{"href":"https:\/\/www.countrylife.at\/gesundheitszentrum\/wp-json\/wp\/v2\/types\/page"}],"author":[{"embeddable":true,"href":"https:\/\/www.countrylife.at\/gesundheitszentrum\/wp-json\/wp\/v2\/users\/1"}],"replies":[{"embeddable":true,"href":"https:\/\/www.countrylife.at\/gesundheitszentrum\/wp-json\/wp\/v2\/comments?post=202"}],"version-history":[{"count":11,"href":"https:\/\/www.countrylife.at\/gesundheitszentrum\/wp-json\/wp\/v2\/pages\/202\/revisions"}],"predecessor-version":[{"id":1999,"href":"https:\/\/www.countrylife.at\/gesundheitszentrum\/wp-json\/wp\/v2\/pages\/202\/revisions\/1999"}],"wp:attachment":[{"href":"https:\/\/www.countrylife.at\/gesundheitszentrum\/wp-json\/wp\/v2\/media?parent=202"}],"curies":[{"name":"wp","href":"https:\/\/api.w.org\/{rel}","templated":true}]}}