{"id":239,"date":"2020-11-02T20:20:29","date_gmt":"2020-11-02T19:20:29","guid":{"rendered":"http:\/\/www.countrylife.at\/gesundheitszentrum\/?page_id=239"},"modified":"2025-11-05T21:27:31","modified_gmt":"2025-11-05T20:27:31","slug":"gaeste-berichten","status":"publish","type":"page","link":"https:\/\/www.countrylife.at\/gesundheitszentrum\/gaeste-berichten\/","title":{"rendered":"G\u00e4ste berichten"},"content":{"rendered":"\n<style type=\"text\/css\" data-created_by=\"avia_inline_auto\" id=\"style-css-av-a7b3b-878bf9abb3dd9df0105e1a3d7018ef4f\">\n.flex_column.av-a7b3b-878bf9abb3dd9df0105e1a3d7018ef4f{\nborder-radius:0px 0px 0px 0px;\npadding:0px 0px 0px 0px;\n}\n<\/style>\n<div  class='flex_column av-a7b3b-878bf9abb3dd9df0105e1a3d7018ef4f av_one_full  avia-builder-el-0  el_before_av_one_full  avia-builder-el-first  first flex_column_div av-zero-column-padding  '     ><p>\n<style type=\"text\/css\" data-created_by=\"avia_inline_auto\" id=\"style-css-av-kh0wsp3v-1d878002576e23b38245039ccee4d346\">\n#top .av-special-heading.av-kh0wsp3v-1d878002576e23b38245039ccee4d346{\npadding-bottom:10px;\n}\nbody .av-special-heading.av-kh0wsp3v-1d878002576e23b38245039ccee4d346 .av-special-heading-tag .heading-char{\nfont-size:25px;\n}\n.av-special-heading.av-kh0wsp3v-1d878002576e23b38245039ccee4d346 .av-subheading{\nfont-size:15px;\n}\n<\/style>\n<div  class='av-special-heading av-kh0wsp3v-1d878002576e23b38245039ccee4d346 av-special-heading-h2  avia-builder-el-1  el_before_av_image  avia-builder-el-first '><h2 class='av-special-heading-tag '  itemprop=\"headline\"  >G\u00e4ste berichten<\/h2><div class=\"special-heading-border\"><div class=\"special-heading-inner-border\"><\/div><\/div><\/div><br \/>\n\n<style type=\"text\/css\" data-created_by=\"avia_inline_auto\" id=\"style-css-av-key2b6ij-1cf457741c91e02416ead0759a8b46ec\">\n.avia-image-container.av-key2b6ij-1cf457741c91e02416ead0759a8b46ec img.avia_image{\nbox-shadow:none;\n}\n.avia-image-container.av-key2b6ij-1cf457741c91e02416ead0759a8b46ec .av-image-caption-overlay-center{\ncolor:#ffffff;\n}\n<\/style>\n<div  class='avia-image-container av-key2b6ij-1cf457741c91e02416ead0759a8b46ec av-styling- avia-align-center  avia-builder-el-2  el_after_av_heading  avia-builder-el-last '   itemprop=\"image\" itemscope=\"itemscope\" itemtype=\"https:\/\/schema.org\/ImageObject\" ><div class=\"avia-image-container-inner\"><div class=\"avia-image-overlay-wrap\"><img fetchpriority=\"high\" class='wp-image-240 avia-img-lazy-loading-not-240 avia_image ' src='https:\/\/www.countrylife.at\/gesundheitszentrum\/wp-content\/uploads\/2020\/11\/silder_gaestebuch1-1030x386.jpg' alt='' title='silder_gaestebuch1'  height=\"386\" width=\"1030\"  itemprop=\"thumbnailUrl\"  \/><\/div><\/div><\/div><\/p><\/div>\n\n<style type=\"text\/css\" data-created_by=\"avia_inline_auto\" id=\"style-css-av-7r70v-642446759de37b493408b9edb7bdd555\">\n.flex_column.av-7r70v-642446759de37b493408b9edb7bdd555{\nborder-radius:0px 0px 0px 0px;\npadding:0px 0px 0px 0px;\n}\n<\/style>\n<div  class='flex_column av-7r70v-642446759de37b493408b9edb7bdd555 av_one_full  avia-builder-el-3  el_after_av_one_full  avia-builder-el-last  first flex_column_div av-zero-column-padding  column-top-margin'     ><section  class='av_textblock_section av-key2eysw-467b2a3b993604a846756abac33e11b5 '   itemscope=\"itemscope\" itemtype=\"https:\/\/schema.org\/CreativeWork\" ><div class='avia_textblock'  itemprop=\"text\" ><h5 class=\"titel\">Was unsere G\u00e4ste berichten:<\/h5>\n<hr \/>\n<div>\n<p>\u00dcberraschend wurde ich, sehr kurzfristig von meiner Frau als \u201eL\u00fcckenf\u00fcller\u201c \u2013 es gab noch freie Pl\u00e4tze \u2013 zum Detox NEWSTART-Programm entsandt, um mich zu erholen und f\u00fcr unsere ganze Familie Neues zu lernen.<br \/>\nIch h\u00e4tte es nicht f\u00fcr m\u00f6glich gehalten, dass ich mich nach nur 10 Tagen so erf\u00fcllt und gest\u00e4rkt f\u00fchlen w\u00fcrde, abgesehen von der genialen Gruppenermutigung.<br \/>\n\u201eTo change life is hard, but not here.\u201c \u2013 \u201eSeinen Lebensstil zu \u00e4ndern ist schwer, aber nicht hier.\u201c<br \/>\nDanke f\u00fcr das brauchbare Alltagswissen in Sachen ganzheitlicher Gesundheit.<br \/>\nIch kann nur jeden ermutigen, sich diese 10 Tage zu g\u00f6nnen!<br \/>\n<strong>Andreas Spuller, 2025<\/strong><\/p>\n<p><strong>\u00a0<\/strong><\/p>\n<hr \/>\n<\/div>\n<div>\n<div>Im Jahr 2016 waren wir zum ersten Mal beim Newstart am Mattersdorferhof.\u00a0 Damals durften wir dieses wunderbare Newstartprogramm, das liebevolle Team, die Gemeinschaft mit den anderen G\u00e4sten, die wundersch\u00f6ne Umgebung und die Stille in der Natur erleben. Inzwischen sind wir zum f\u00fcnften mal da gewesen. Wir haben das normale Newstartprogramm besucht, sowie die Schwerpunkte Familie, Basenfasten, Resilienz und Medienfasten.\u00a0 F\u00fcr uns ist es jedesmal wie nachhause kommen. Wir k\u00f6nnen unseren Alltag hinter uns lassen und abschalten, in die Stille gehen, d\u00fcrfen viel lernen und mitnehmen. Der Austausch mit den G\u00e4sten und dem Team bei den Anwendungen,\u00a0 Spazierg\u00e4ngen und beim gemeinsamen Essen erfreut uns immer wieder. Bei unserem ersten Besuch haben wir festgestellt,\u00a0 es ist ein St\u00fcck Himmel auf Erden und nach unserem letzten Besuch wissen wir, es ist noch immer so. Wir freuen uns schon sehr auf Newstart Nummer sechs.<\/div>\n<div><strong>Wilfried und Dagmar B. , Sept. 2025<\/strong><\/div>\n<div><strong>\u00a0<\/strong><\/div>\n<div><\/div>\n<\/div>\n<hr \/>\n<p>Um Ballast loszuwerden, habe ich mich ganz kurzfristig zum 11-t\u00e4gigen Newstart-Programm mit Detox-Fasten angemeldet.\u00a0 In den letzten Jahren ging es mir mental nicht sehr gut, weshalb sich dann auch k\u00f6rperliche Beschwerden bemerkbar gemacht haben.<\/p>\n<p>Ich kam mit sehr hohen Erwartungen zu diesem Programm und sogar diese wurden stark \u00fcbertroffen. Der Tagesablauf bestand aus einem grunds\u00e4tzlichen Programm f\u00fcr alle Teilnehmer, doch durch die vielf\u00e4ltigen Aktivit\u00e4ten f\u00fchlte es sich wie ein pers\u00f6nlicher Plan f\u00fcr mich an.<\/p>\n<p>Gleich am Morgen starteten wir mit wunderbaren Andachten in den Tag. Durch die k\u00f6rperlichen Behandlungen lie\u00dfen sich auch meine mentalen Probleme \u201ewegmassieren\u201c! Ich konnte wunderbare Gespr\u00e4che mit meiner pers\u00f6nlichen Betreuerin f\u00fchren. Wir wurden vom ganzen Team mit sehr viel Liebe und F\u00fcrsorge betreut. Und schon nach 10 Tagen konnte ich auch k\u00f6rperliche Erfolge erzielen.<\/p>\n<p>Wenn jemand mit seinem GEIST, K\u00d6RPER und SEELE in Einklang kommen m\u00f6chte, dann kann ich ihm nur raten zum Mattersdorferhof zu kommen. So nach dem Motto: \u201eTu deinem Leib etwas Gutes, damit deine Seele Lust hat, darin zu wohnen!\u201c<\/p>\n<p><strong>Renate M., Okt. 2025<\/strong><\/p>\n<p><strong>\u00a0<\/strong><\/p>\n<hr \/>\n<p>Nach 10 Tagen NEWSTART bin ich wieder im Alltag angekommen. Meine Ern\u00e4hrung ist besser geworden. Was sich aber wirklich ge\u00e4ndert hat, ist, dass ich mich nicht mehr stressen lasse. Und das Beste ist, ich habe Friede! Mein Geist ist wirklich ruhig! Das kenne ich so nicht!<br \/>\n<strong>\u00a0<\/strong><\/p>\n<hr \/>\n<p>Das Newstart Gesundheitsprogramm auf dem Mattersdorferhof hat unserer Familie in einer Zeit tiefer Ersch\u00f6pfung neue Kraft und Zuversicht geschenkt. Die W\u00e4rme und Liebe, die uns hier begegneten, waren in jedem Moment sp\u00fcrbar \u2013 sei es im liebevoll zubereiteten Essen, im inspirierenden geistigen Austausch oder im abwechslungsreichen Sportprogramm.<\/p>\n<p>Die wertvollen Prinzipien f\u00fcr eine gesunde Lebensweise, die wir hier erlernt haben, bereichern unseren Alltag bis heute. Der gemeinsame Sabbat, voller innerer Ruhe und Verbundenheit, war f\u00fcr uns ein ganz besonderer H\u00f6hepunkt. An diesem Ort wird der Glaube an Jesus Christus auf wunderbare Weise lebendig und greifbar.<\/p>\n<p>Es ist ein Segen, einen Ort voller Herzlichkeit und Hoffnung zu kennen, an den wir jederzeit zur\u00fcckkehren d\u00fcrfen. Unser tiefster Dank gilt allen, die diesen besonderen Ort gestalten!<\/p>\n<p><strong>Familie M.K., 2024<\/strong><br \/>\n<strong>\u00a0<\/strong><\/p>\n<hr \/>\n<p>&#8230;ich m\u00f6chte mich ganz, ganz herzlich bei allen f\u00fcr die liebevolle Betreuung bedanken!<br \/>\nEine echte Gemeinschaft, tolle Andachten und Vortr\u00e4ge, leckeres Essen, einfach unbeschreiblich,<br \/>\ndas muss man erlebt haben. Mir gehts wesentlich besser. Danke!<\/p>\n<p>&#8230;danke f\u00fcr die Freundlichkeit, das gute Essen, die interessanten Gespr\u00e4che, die tollen Stunden in Theorie und Praxis und die tiefe geistliche Atmosph\u00e4re.<br \/>\nIch bin erholt, entspannt und aufgetankt.<\/p>\n<p>&#8230;Ich bin so dankbar, dass ich diese Zeit bei euch verbringen durfte. Hier habe ich meine Last verloren und einen Schatz wiedergefunden. Ihr seid alle wunderbare und wertvolle Menschen!<\/p>\n<p>&#8230;es gibt keinen Fahrstuhl zum Gl\u00fcck: Man muss die Treppe nehmen. : Ihr habt uns die Stufen vorbereitet, wir wollen Schritt f\u00fcr Schritt weitergehen \ud83d\ude42<\/p>\n<p>&#8230;es war eine wunderbare Zeit. Vielen, vielen Dank f\u00fcr alles. Es hat mir unglaublich viel geholfen. Ganz ganz liebe Gr\u00fc\u00dfe und hoffentlich bis bald&#8230;<\/p>\n<p>&#8230;es gibt wenige Pl\u00e4tze auf dieser Erde, wo ich mich so wohl und zu Hause f\u00fchle wie hier&#8230;<\/p>\n<p>&#8230;erst hier bin ich Gott wirklich begegnet und ich habe erfahren d\u00fcrfen, wie er uns f\u00fchrt und lenkt&#8230;<\/p>\n<p>&#8230;hier ist gut leben.Lasst uns 2 oder drei H\u00fctten bauen \ud83d\ude42<br \/>\nDanke f\u00fcrs Arbeiten, Studieren, Lernen und Lachen mit Euch&#8230;.<\/p>\n<p><strong>\u00a0<\/strong><\/p>\n<hr \/>\n<p>Um sechs Uhr dreissig, zu nachtschlafener Zeit<br \/>\nseht das Zitronenwasser schon bereit.<br \/>\nDas Wort des Herrn, die Gedanken sind tief,<br \/>\ndanach das Fr\u00fchst\u00fcck, sehr gut und kreativ.<\/p>\n<p>Egal welches Wetter, wir gehen spazieren,<br \/>\ndann die acht \u00c4rzte &#8211; gut konzentrieren!<br \/>\nGymnastik tut gut, die Anwendungen auch,<br \/>\nzu Mittag f\u00fcllen wir uns den Bauch.<\/p>\n<p>Zur Verdauung hinaus in den Sonnenschein,<br \/>\ndie Workshops rufen uns bald wieder rein.<br \/>\nAbendessen in unserer netten Runde<br \/>\nund dann die Andacht zur Abendstunde.<\/p>\n<p>Der Tag kling aus bei Tee an der Bar,<br \/>\nso genie\u00dfen wir die Zeit- das ist doch klar!<br \/>\nVielen Dank an dasTeam, das sagen wir gern,<br \/>\nund w\u00fcnschen den reichen Segen des Herrn!<\/p>\n<p><strong>NSP<br \/>\n<\/strong><\/p>\n<hr \/>\n<p align=\"left\"><span class=\"Stil5\"><img loading=\"lazy\" decoding=\"async\" src=\"http:\/\/www.countrylife.at\/pix\/b_newstartgast4.jpg\" width=\"80\" height=\"74\" align=\"left\" hspace=\"5\" \/>\u201eBegonnen hat alles mit der Frage, warum die Menschen, die von der Newstartwoche zur\u00fcckkommen so begeistert sind. So haben wir pers\u00f6nlich recherchiert: Ist es der Kopfsprung um 06:09 in einen der w\u00e4rmsten Badeseen K\u00e4rntens? Ist es die gemeinsame Gymnastik um 09:58, die uns Muskeln in unserem K\u00f6rper bewusst machen, deren Existenz uns zuvor unbekannt waren &#8211; oder die entspannende Massage um 10:50 mit leiser Hintergrundmusik und angenehmen Gespr\u00e4chen? Ist es das Geschmacksfeuerwerk um 13:10, das die K\u00fcche f\u00fcr uns komponiert hat &#8211; oder das L\u00e4cheln unserer Kinder um 16:04, die den Korb Eierschwammerln als Jagdtroph\u00e4e pr\u00e4sentieren? Sind es die jungen Menschen, die von fr\u00fch bis sp\u00e4t mit ihrer Begeisterung, ihren Vortr\u00e4gen und durch ihre Betreuung f\u00fcr eine geistliche und vertraute Atmosph\u00e4re sorgen, in der der gr\u00f6\u00dfte aller \u00c4rzte stets im Mittelpunkt steht? Was immer es ist: Wir haben TGM mitgenommen in unseren Alltag &#8211; nicht die freundlichen Menschen, aber die Rezepte, die Trinkgewohnheiten, die Gymnastik und Spazierg\u00e4nge &#8211; und das Bewusstsein, dass ein einfaches Leben mit Gott im Mittelpunkt f\u00fcr den gr\u00f6\u00dftm\u00f6glichen \u201eGenuss\u201c sorgt.&#8220;<\/span><\/p>\n<p align=\"left\"><strong><span class=\"Stil5\">Familie Kopa <\/span><\/strong><\/p>\n<hr \/>\n<p class=\"Stil5\"><img loading=\"lazy\" decoding=\"async\" src=\"http:\/\/www.countrylife.at\/pix\/b_newstartgast2.jpg\" width=\"60\" height=\"74\" align=\"left\" hspace=\"5\" \/>\u201eDieser Urlaub war der gewinnbring-endste meines Lebens. Ich fahre mit der Anleitung zur Gesundung und viel Kraft und Freude nach Hause. Wir hatten eine wunderbare Gemeinschaft, wurden mit viel Liebe und Herzlichkeit betreut \u2026\u201c<\/p>\n<p class=\"Stil5\"><strong>G. Brandtner<\/strong><\/p>\n<hr \/>\n<p class=\"Stil5\"><img loading=\"lazy\" decoding=\"async\" src=\"http:\/\/www.countrylife.at\/pix\/b_newstartgast3.jpg\" width=\"60\" height=\"74\" align=\"left\" hspace=\"5\" \/>&#8222;Weil wir noch schulpflichtige Kinder haben, konnten meine Frau und ich nicht gemeinsam am Newstartprogramm teilnehmen und meine Frau besuchte zuerst das Programm und machte den Anfang. Nach anf\u00e4nglicher Skepsis, was sie in diesen zehn Tagen wohl erwarten w\u00fcrde, erlebte sie mit stark wachsender Begeisterung jeden Tag als Geschenk. Nicht nur k\u00f6rperlich hat es ihr gut getan, die freundliche Begleitung, Fr\u00f6hlichkeit, Lachen, Singen, Beten und die herrliche Umgebung waren auch eine Wohltat f\u00fcr die Seele. Wieder zur\u00fcck zu Hause, zauberte sie fantastische Gerichte auf den Tisch, die gut aussahen, gut schmeckten und trotzdem total gesund waren. Wer hat nur das Vorurteil erfunden, dass gesunde K\u00fcche nicht schmeckt? Bis heute marschiert sie eisern mehre Male pro Woche mit ihren Nordic-Walking-St\u00f6cken kilometerweit durch die Gegend \u2013 leider viel zu selten begleitet von Mann und Hund. Die Freude und Begeisterung meiner Frau gaben den Ausschlag, das ich einige Wochen nach ihr auch am Mattersdorferhof eintraf und \u00e4hnlich wie sie die zehn Tage in vollen Z\u00fcgen genoss. Beim Holzhacken (freiwillig) baute ich viel Stress ab, wunderte mich \u00fcber die Hundeknochen bei der Gymnastik und wollte am Schluss am liebsten noch ein paar Wochen bleiben! Da meine Frau vor mir dort war, konnte sie das verstehen und wir hoffen, irgendwann gemeinsam wiederzukommen!&#8220;<\/p>\n<p class=\"Stil5\"><strong>O. u B. Fichtberger<\/strong><\/p>\n<hr \/>\n<p class=\"Stil5\"><img loading=\"lazy\" decoding=\"async\" src=\"http:\/\/www.countrylife.at\/pix\/b_newstartgast6.jpg\" width=\"100\" height=\"138\" align=\"left\" hspace=\"5\" \/>\u201cWir wollen wieder zum Mattersdorferhof\u201d, war der Ruf unserer Kinder, nachdem wir im Jahr zuvor dort Urlaub gemacht hatten. Da wir uns als Familie sehr wohl gef\u00fchlt hatten und die Kinder dies zum Ausdruck brachten, sagten wir uns: \u201eWarum eigentlich nicht einmal ein Familien-Newstart mitmachen? Gesagt, getan und von keinem von uns jemals bereut &#8211; im Gegenteil: Man beraubt sich einer lebensver\u00e4ndernden Erfahrung, wenn man nicht mal \u201ePause\u201d am Mattersdorferhof macht!<br \/>\nDa wir selbst nach den Prinzipien leben, aber dennoch neue Impulse suchten, war dies auch ein Grund mehr, das wundersch\u00f6n gelegene Anwesen &#8211; eine Oase der Ruhe und Erholung mit den lieben Menschen dort vor Ort &#8211; in K\u00e4rnten aufzusuchen. Das ganze Programm war sowohl f\u00fcr die Kinder als auch f\u00fcr die Erwachsenen absolut toll und liebevoll organisiert und das vollwertige Essen war unglaublich lecker. Die Lerneinheiten, die Zeiten der Ruhe, die Bewegung, die gute Luft und die angenehme Atmosph\u00e4re k\u00f6nnen nicht mit den massenhaft verkauften \u201eStandard-Urlauben\u201d verglichen werden. Als Familie haben wir erfahren, dass es ein von Gott gesegneter Ort ist. Wir glauben, dass jemand, der Zweifel an der Existenz Gottes hat und sich auf die Suche nach ihm begibt, ihn dort finden wird! Das w\u00fcnschen wir jedem Besucher und danken dem Team vom Mattersdorferhof, welches mit Herzblut diesen aufopfernden Dienst ausf\u00fchrt.<\/p>\n<p class=\"Stil5\"><strong>Fam. W<\/strong><\/p>\n<\/div><\/section><\/div>\n","protected":false},"excerpt":{"rendered":"","protected":false},"author":1,"featured_media":0,"parent":0,"menu_order":0,"comment_status":"closed","ping_status":"closed","template":"","meta":{"footnotes":""},"class_list":["post-239","page","type-page","status-publish","hentry"],"yoast_head":"<!-- This site is optimized with the Yoast SEO plugin v26.9 - https:\/\/yoast.com\/product\/yoast-seo-wordpress\/ -->\n<title>G\u00e4ste berichten - Country Life Gesundheitszentrum Mattersdorferhof<\/title>\n<meta name=\"robots\" content=\"index, follow, max-snippet:-1, max-image-preview:large, max-video-preview:-1\" \/>\n<link rel=\"canonical\" href=\"https:\/\/www.countrylife.at\/gesundheitszentrum\/gaeste-berichten\/\" \/>\n<meta property=\"og:locale\" content=\"de_DE\" \/>\n<meta property=\"og:type\" content=\"article\" \/>\n<meta property=\"og:title\" content=\"G\u00e4ste berichten - Country Life Gesundheitszentrum Mattersdorferhof\" \/>\n<meta property=\"og:url\" content=\"https:\/\/www.countrylife.at\/gesundheitszentrum\/gaeste-berichten\/\" \/>\n<meta property=\"og:site_name\" content=\"Country Life Gesundheitszentrum Mattersdorferhof\" \/>\n<meta property=\"article:modified_time\" content=\"2025-11-05T20:27:31+00:00\" \/>\n<meta property=\"og:image\" content=\"http:\/\/www.countrylife.at\/pix\/b_newstartgast4.jpg\" \/>\n<meta name=\"twitter:card\" content=\"summary_large_image\" \/>\n<meta name=\"twitter:label1\" content=\"Gesch\u00e4tzte Lesezeit\" \/>\n\t<meta name=\"twitter:data1\" content=\"10\u00a0Minuten\" \/>\n<script type=\"application\/ld+json\" class=\"yoast-schema-graph\">{\"@context\":\"https:\/\/schema.org\",\"@graph\":[{\"@type\":\"WebPage\",\"@id\":\"https:\/\/www.countrylife.at\/gesundheitszentrum\/gaeste-berichten\/\",\"url\":\"https:\/\/www.countrylife.at\/gesundheitszentrum\/gaeste-berichten\/\",\"name\":\"G\u00e4ste berichten - Country Life Gesundheitszentrum Mattersdorferhof\",\"isPartOf\":{\"@id\":\"https:\/\/www.countrylife.at\/gesundheitszentrum\/#website\"},\"primaryImageOfPage\":{\"@id\":\"https:\/\/www.countrylife.at\/gesundheitszentrum\/gaeste-berichten\/#primaryimage\"},\"image\":{\"@id\":\"https:\/\/www.countrylife.at\/gesundheitszentrum\/gaeste-berichten\/#primaryimage\"},\"thumbnailUrl\":\"http:\/\/www.countrylife.at\/pix\/b_newstartgast4.jpg\",\"datePublished\":\"2020-11-02T19:20:29+00:00\",\"dateModified\":\"2025-11-05T20:27:31+00:00\",\"breadcrumb\":{\"@id\":\"https:\/\/www.countrylife.at\/gesundheitszentrum\/gaeste-berichten\/#breadcrumb\"},\"inLanguage\":\"de\",\"potentialAction\":[{\"@type\":\"ReadAction\",\"target\":[\"https:\/\/www.countrylife.at\/gesundheitszentrum\/gaeste-berichten\/\"]}]},{\"@type\":\"ImageObject\",\"inLanguage\":\"de\",\"@id\":\"https:\/\/www.countrylife.at\/gesundheitszentrum\/gaeste-berichten\/#primaryimage\",\"url\":\"http:\/\/www.countrylife.at\/pix\/b_newstartgast4.jpg\",\"contentUrl\":\"http:\/\/www.countrylife.at\/pix\/b_newstartgast4.jpg\"},{\"@type\":\"BreadcrumbList\",\"@id\":\"https:\/\/www.countrylife.at\/gesundheitszentrum\/gaeste-berichten\/#breadcrumb\",\"itemListElement\":[{\"@type\":\"ListItem\",\"position\":1,\"name\":\"Startseite\",\"item\":\"https:\/\/www.countrylife.at\/gesundheitszentrum\/\"},{\"@type\":\"ListItem\",\"position\":2,\"name\":\"G\u00e4ste berichten\"}]},{\"@type\":\"WebSite\",\"@id\":\"https:\/\/www.countrylife.at\/gesundheitszentrum\/#website\",\"url\":\"https:\/\/www.countrylife.at\/gesundheitszentrum\/\",\"name\":\"Country Life Gesundheitszentrum Mattersdorferhof\",\"description\":\"Das biblisch-christliche Gesundheitszentrum\",\"potentialAction\":[{\"@type\":\"SearchAction\",\"target\":{\"@type\":\"EntryPoint\",\"urlTemplate\":\"https:\/\/www.countrylife.at\/gesundheitszentrum\/?s={search_term_string}\"},\"query-input\":{\"@type\":\"PropertyValueSpecification\",\"valueRequired\":true,\"valueName\":\"search_term_string\"}}],\"inLanguage\":\"de\"}]}<\/script>\n<!-- \/ Yoast SEO plugin. -->","yoast_head_json":{"title":"G\u00e4ste berichten - Country Life Gesundheitszentrum Mattersdorferhof","robots":{"index":"index","follow":"follow","max-snippet":"max-snippet:-1","max-image-preview":"max-image-preview:large","max-video-preview":"max-video-preview:-1"},"canonical":"https:\/\/www.countrylife.at\/gesundheitszentrum\/gaeste-berichten\/","og_locale":"de_DE","og_type":"article","og_title":"G\u00e4ste berichten - Country Life Gesundheitszentrum Mattersdorferhof","og_url":"https:\/\/www.countrylife.at\/gesundheitszentrum\/gaeste-berichten\/","og_site_name":"Country Life Gesundheitszentrum Mattersdorferhof","article_modified_time":"2025-11-05T20:27:31+00:00","og_image":[{"url":"http:\/\/www.countrylife.at\/pix\/b_newstartgast4.jpg","type":"","width":"","height":""}],"twitter_card":"summary_large_image","twitter_misc":{"Gesch\u00e4tzte Lesezeit":"10\u00a0Minuten"},"schema":{"@context":"https:\/\/schema.org","@graph":[{"@type":"WebPage","@id":"https:\/\/www.countrylife.at\/gesundheitszentrum\/gaeste-berichten\/","url":"https:\/\/www.countrylife.at\/gesundheitszentrum\/gaeste-berichten\/","name":"G\u00e4ste berichten - Country Life Gesundheitszentrum Mattersdorferhof","isPartOf":{"@id":"https:\/\/www.countrylife.at\/gesundheitszentrum\/#website"},"primaryImageOfPage":{"@id":"https:\/\/www.countrylife.at\/gesundheitszentrum\/gaeste-berichten\/#primaryimage"},"image":{"@id":"https:\/\/www.countrylife.at\/gesundheitszentrum\/gaeste-berichten\/#primaryimage"},"thumbnailUrl":"http:\/\/www.countrylife.at\/pix\/b_newstartgast4.jpg","datePublished":"2020-11-02T19:20:29+00:00","dateModified":"2025-11-05T20:27:31+00:00","breadcrumb":{"@id":"https:\/\/www.countrylife.at\/gesundheitszentrum\/gaeste-berichten\/#breadcrumb"},"inLanguage":"de","potentialAction":[{"@type":"ReadAction","target":["https:\/\/www.countrylife.at\/gesundheitszentrum\/gaeste-berichten\/"]}]},{"@type":"ImageObject","inLanguage":"de","@id":"https:\/\/www.countrylife.at\/gesundheitszentrum\/gaeste-berichten\/#primaryimage","url":"http:\/\/www.countrylife.at\/pix\/b_newstartgast4.jpg","contentUrl":"http:\/\/www.countrylife.at\/pix\/b_newstartgast4.jpg"},{"@type":"BreadcrumbList","@id":"https:\/\/www.countrylife.at\/gesundheitszentrum\/gaeste-berichten\/#breadcrumb","itemListElement":[{"@type":"ListItem","position":1,"name":"Startseite","item":"https:\/\/www.countrylife.at\/gesundheitszentrum\/"},{"@type":"ListItem","position":2,"name":"G\u00e4ste berichten"}]},{"@type":"WebSite","@id":"https:\/\/www.countrylife.at\/gesundheitszentrum\/#website","url":"https:\/\/www.countrylife.at\/gesundheitszentrum\/","name":"Country Life Gesundheitszentrum Mattersdorferhof","description":"Das biblisch-christliche Gesundheitszentrum","potentialAction":[{"@type":"SearchAction","target":{"@type":"EntryPoint","urlTemplate":"https:\/\/www.countrylife.at\/gesundheitszentrum\/?s={search_term_string}"},"query-input":{"@type":"PropertyValueSpecification","valueRequired":true,"valueName":"search_term_string"}}],"inLanguage":"de"}]}},"_links":{"self":[{"href":"https:\/\/www.countrylife.at\/gesundheitszentrum\/wp-json\/wp\/v2\/pages\/239","targetHints":{"allow":["GET"]}}],"collection":[{"href":"https:\/\/www.countrylife.at\/gesundheitszentrum\/wp-json\/wp\/v2\/pages"}],"about":[{"href":"https:\/\/www.countrylife.at\/gesundheitszentrum\/wp-json\/wp\/v2\/types\/page"}],"author":[{"embeddable":true,"href":"https:\/\/www.countrylife.at\/gesundheitszentrum\/wp-json\/wp\/v2\/users\/1"}],"replies":[{"embeddable":true,"href":"https:\/\/www.countrylife.at\/gesundheitszentrum\/wp-json\/wp\/v2\/comments?post=239"}],"version-history":[{"count":12,"href":"https:\/\/www.countrylife.at\/gesundheitszentrum\/wp-json\/wp\/v2\/pages\/239\/revisions"}],"predecessor-version":[{"id":1861,"href":"https:\/\/www.countrylife.at\/gesundheitszentrum\/wp-json\/wp\/v2\/pages\/239\/revisions\/1861"}],"wp:attachment":[{"href":"https:\/\/www.countrylife.at\/gesundheitszentrum\/wp-json\/wp\/v2\/media?parent=239"}],"curies":[{"name":"wp","href":"https:\/\/api.w.org\/{rel}","templated":true}]}}