{"id":320,"date":"2020-11-25T13:25:39","date_gmt":"2020-11-25T12:25:39","guid":{"rendered":"http:\/\/www.countrylife.at\/gesundheitszentrum\/?page_id=320"},"modified":"2025-12-17T19:11:16","modified_gmt":"2025-12-17T18:11:16","slug":"familien-newstart","status":"publish","type":"page","link":"https:\/\/www.countrylife.at\/gesundheitszentrum\/familien-newstart\/","title":{"rendered":"Familien-Newstart\u00ae"},"content":{"rendered":"\n<style type=\"text\/css\" data-created_by=\"avia_inline_auto\" id=\"style-css-av-a7b3b-878bf9abb3dd9df0105e1a3d7018ef4f\">\n.flex_column.av-a7b3b-878bf9abb3dd9df0105e1a3d7018ef4f{\nborder-radius:0px 0px 0px 0px;\npadding:0px 0px 0px 0px;\n}\n<\/style>\n<div  class='flex_column av-a7b3b-878bf9abb3dd9df0105e1a3d7018ef4f av_one_full  avia-builder-el-0  el_before_av_one_half  avia-builder-el-first  first flex_column_div av-zero-column-padding  '     ><p>\n<style type=\"text\/css\" data-created_by=\"avia_inline_auto\" id=\"style-css-av-9ucf4-60cdc52171df7aeebb80808cf1cade18\">\n#top .av-special-heading.av-9ucf4-60cdc52171df7aeebb80808cf1cade18{\npadding-bottom:10px;\n}\nbody .av-special-heading.av-9ucf4-60cdc52171df7aeebb80808cf1cade18 .av-special-heading-tag .heading-char{\nfont-size:25px;\n}\n.av-special-heading.av-9ucf4-60cdc52171df7aeebb80808cf1cade18 .av-subheading{\nfont-size:15px;\n}\n<\/style>\n<div  class='av-special-heading av-9ucf4-60cdc52171df7aeebb80808cf1cade18 av-special-heading-h2  avia-builder-el-1  el_before_av_image  avia-builder-el-first '><h2 class='av-special-heading-tag '  itemprop=\"headline\"  >Familien-Newstart<\/h2><div class=\"special-heading-border\"><div class=\"special-heading-inner-border\"><\/div><\/div><\/div><br \/>\n\n<style type=\"text\/css\" data-created_by=\"avia_inline_auto\" id=\"style-css-av-key2b6ij-e1ffc8421a061ee5323e4af4807cd58f\">\n.avia-image-container.av-key2b6ij-e1ffc8421a061ee5323e4af4807cd58f img.avia_image{\nbox-shadow:none;\n}\n.avia-image-container.av-key2b6ij-e1ffc8421a061ee5323e4af4807cd58f .av-image-caption-overlay-center{\ncolor:#ffffff;\n}\n<\/style>\n<div  class='avia-image-container av-key2b6ij-e1ffc8421a061ee5323e4af4807cd58f av-styling- avia-align-center  avia-builder-el-2  el_after_av_heading  avia-builder-el-last '   itemprop=\"image\" itemscope=\"itemscope\" itemtype=\"https:\/\/schema.org\/ImageObject\" ><div class=\"avia-image-container-inner\"><div class=\"avia-image-overlay-wrap\"><img fetchpriority=\"high\" class='wp-image-422 avia-img-lazy-loading-not-422 avia_image ' src='https:\/\/www.countrylife.at\/gesundheitszentrum\/wp-content\/uploads\/2020\/12\/top_familiennewstart.jpg' alt='' title='top_familiennewstart'  height=\"386\" width=\"1030\"  itemprop=\"thumbnailUrl\"  \/><\/div><\/div><\/div><\/p><\/div>\n\n<style type=\"text\/css\" data-created_by=\"avia_inline_auto\" id=\"style-css-av-7r70v-642446759de37b493408b9edb7bdd555\">\n.flex_column.av-7r70v-642446759de37b493408b9edb7bdd555{\nborder-radius:0px 0px 0px 0px;\npadding:0px 0px 0px 0px;\n}\n<\/style>\n<div  class='flex_column av-7r70v-642446759de37b493408b9edb7bdd555 av_one_half  avia-builder-el-3  el_after_av_one_full  el_before_av_one_half  first flex_column_div av-zero-column-padding  column-top-margin'     ><section  class='av_textblock_section av-key2eysw-2d53e1635d92709c293f32811453200f '   itemscope=\"itemscope\" itemtype=\"https:\/\/schema.org\/CreativeWork\" ><div class='avia_textblock'  itemprop=\"text\" ><p><strong>Was ist ein Familen-Newstart\u00ae Programm?<\/strong><\/p>\n<ul>\n<li>komplettes Newstartprogramm f\u00fcr die Eltern<\/li>\n<li>kindergerechte Erarbeitung der Newstartprinzipien<\/li>\n<li>geeignet f\u00fcr die Altersgruppe 6 &#8211; 12 Jahre<\/li>\n<li>in Begleitung der Eltern<\/li>\n<\/ul>\n<p><strong>Programm:<\/strong><\/p>\n<p>7:00 &#8211; Fr\u00fchst\u00fcck<br \/>\n8:40 &#8211; Kinderandacht<br \/>\n9:30 &#8211; ca. 11:00 &#8211; kindgerechte Erarbeitung der &#8222;Newstart&#8220;- Prinzipien<br \/>\n13:00 &#8211; Mittagessen<br \/>\nNachmittag &#8211; mit Eltern und Teilnahmem\u00f6glichkeit an Workshop um 16:00<br \/>\n18:00 &#8211; Abendessen<\/p>\n<p>Programm\u00e4nderungen vorbehalten<\/p>\n<p><strong>Kosten:<\/strong><\/p>\n<p>Erwachsene wie normales Newsstartprogramm<\/p>\n<p>Kinder 0-3 Jahre: frei<br \/>\nKinder 4-12 Jahre: 150,-<br \/>\nKinder 12-16 Jahre: 200,-<\/p>\n<p>Veranstalter ist das \u00d6sterreichische Institut f\u00fcr Gesundheitsf\u00f6rderung.<\/p>\n<p>Mindestteilnehmerzahl erforderlich<\/p>\n<p>Ort der Durchf\u00fchrung, Information und Buchung \u00fcber Country Life Mattersdorferhof.<br \/>\nInformation und Buchung unter office@countrylife.at oder 04277 2337<\/p>\n<p><strong>BESCHR\u00c4NKTE TEILNEHMERZAHL, BITTE RASCH ANMELDEN<\/strong><\/p>\n<\/div><\/section><\/div>\n\n<style type=\"text\/css\" data-created_by=\"avia_inline_auto\" id=\"style-css-av-kf55nxyh-146bfd3ee46fc0584e56a73249ec5f5b\">\n@keyframes av_boxShadowEffect_av-kf55nxyh-146bfd3ee46fc0584e56a73249ec5f5b-column {\n0%   { box-shadow:  0 0 0 0 rgba(0,0,0,0.2); opacity: 1; }\n100% { box-shadow:  0 0 10px 0 rgba(0,0,0,0.2); opacity: 1; }\n}\n.flex_column.av-kf55nxyh-146bfd3ee46fc0584e56a73249ec5f5b{\nbox-shadow: 0 0 10px 0 rgba(0,0,0,0.2);\nborder-width:1px;\nborder-color:#bccf0a;\nborder-style:solid;\nborder-radius:4px 4px 4px 4px;\npadding:10px 10px 10px 10px;\nbackground-color:rgba(188,207,10,0.1);\n}\n<\/style>\n<div  class='flex_column av-kf55nxyh-146bfd3ee46fc0584e56a73249ec5f5b av_one_half  avia-builder-el-5  el_after_av_one_half  avia-builder-el-last  flex_column_div shadow-not-animated  column-top-margin'     ><section  class='av_textblock_section av-key2eysw-1-ec0abccc0d78e01f418b0adf0fa2cee0 '   itemscope=\"itemscope\" itemtype=\"https:\/\/schema.org\/CreativeWork\" ><div class='avia_textblock'  itemprop=\"text\" ><h3>Termine 2026<\/h3>\n<p>Familien-NEWSTART<sup>\u00ae<\/sup>:<\/p>\n<p>kein Termin<\/p>\n<p><small>(\u00c4nderungen vorbehalten)<\/small><\/p>\n<p><strong><a href=\"https:\/\/www.countrylife.at\/gesundheitszentrum\/termine\/\">Weitere NEWSTART<sup>\u00ae<\/sup>-Programme &#8230;<\/a><\/strong><\/p>\n<\/div><\/section><br \/>\n<section  class='av_textblock_section av-kf55f72q-ee615f56bbbda0e5bb61949f18128d5e '   itemscope=\"itemscope\" itemtype=\"https:\/\/schema.org\/CreativeWork\" ><div class='avia_textblock'  itemprop=\"text\" ><h3><span class=\"titel2\">Kosten: <\/span><\/h3>\n<table border=\"0\" cellspacing=\"0\" cellpadding=\"2\">\n<tbody>\n<tr>\n<td bgcolor=\"#bccf0a\">Preise 2026<\/td>\n<td bgcolor=\"#bccf0a\">11-Tages-Programm<\/td>\n<td bgcolor=\"#bccf0a\"><\/td>\n<\/tr>\n<tr>\n<td><\/td>\n<td>Doppel-<br \/>\nzimmer*<\/td>\n<td>Einzel-<br \/>\nzimmer**<\/td>\n<\/tr>\n<tr>\n<td>Standard<\/td>\n<td>\n<div align=\"center\">990,-<\/div>\n<\/td>\n<td>\n<div align=\"center\">1.200,-<\/div>\n<\/td>\n<\/tr>\n<tr>\n<td>Komfort<\/td>\n<td>\n<div align=\"center\">1.150,-<\/div>\n<\/td>\n<td>\n<div align=\"center\">1.380,-<\/div>\n<\/td>\n<\/tr>\n<tr>\n<td>Waldhaus<\/td>\n<td>\n<div align=\"center\">1.300,-<\/div>\n<\/td>\n<td>\n<div align=\"center\">1.650,-<\/div>\n<\/td>\n<\/tr>\n<tr>\n<td>Waldhaus XL<\/td>\n<td>\n<div align=\"center\">1.400,-<\/div>\n<\/td>\n<td>\n<div align=\"center\">&#8212;<\/div>\n<\/td>\n<\/tr>\n<\/tbody>\n<\/table>\n<p><small>* nur m\u00f6glich f\u00fcr Personen, die im gleichen Haushalt leben<br \/>\n** nur nach Verf\u00fcgbarkeit<br \/>\n(Preise in Euro pro Person)<\/small><\/p>\n<\/div><\/section><\/p><\/div>\n","protected":false},"excerpt":{"rendered":"","protected":false},"author":1,"featured_media":0,"parent":0,"menu_order":0,"comment_status":"closed","ping_status":"closed","template":"","meta":{"footnotes":""},"class_list":["post-320","page","type-page","status-publish","hentry"],"yoast_head":"<!-- This site is optimized with the Yoast SEO plugin v26.9 - https:\/\/yoast.com\/product\/yoast-seo-wordpress\/ -->\n<title>Familien-Newstart\u00ae - Country Life Gesundheitszentrum Mattersdorferhof<\/title>\n<meta name=\"robots\" content=\"index, follow, max-snippet:-1, max-image-preview:large, max-video-preview:-1\" \/>\n<link rel=\"canonical\" href=\"https:\/\/www.countrylife.at\/gesundheitszentrum\/familien-newstart\/\" \/>\n<meta property=\"og:locale\" content=\"de_DE\" \/>\n<meta property=\"og:type\" content=\"article\" \/>\n<meta property=\"og:title\" content=\"Familien-Newstart\u00ae - Country Life Gesundheitszentrum Mattersdorferhof\" \/>\n<meta property=\"og:url\" content=\"https:\/\/www.countrylife.at\/gesundheitszentrum\/familien-newstart\/\" \/>\n<meta property=\"og:site_name\" content=\"Country Life Gesundheitszentrum Mattersdorferhof\" \/>\n<meta property=\"article:modified_time\" content=\"2025-12-17T18:11:16+00:00\" \/>\n<meta name=\"twitter:card\" content=\"summary_large_image\" \/>\n<meta name=\"twitter:label1\" content=\"Gesch\u00e4tzte Lesezeit\" \/>\n\t<meta name=\"twitter:data1\" content=\"2\u00a0Minuten\" \/>\n<script type=\"application\/ld+json\" class=\"yoast-schema-graph\">{\"@context\":\"https:\/\/schema.org\",\"@graph\":[{\"@type\":\"WebPage\",\"@id\":\"https:\/\/www.countrylife.at\/gesundheitszentrum\/familien-newstart\/\",\"url\":\"https:\/\/www.countrylife.at\/gesundheitszentrum\/familien-newstart\/\",\"name\":\"Familien-Newstart\u00ae - Country Life Gesundheitszentrum Mattersdorferhof\",\"isPartOf\":{\"@id\":\"https:\/\/www.countrylife.at\/gesundheitszentrum\/#website\"},\"datePublished\":\"2020-11-25T12:25:39+00:00\",\"dateModified\":\"2025-12-17T18:11:16+00:00\",\"breadcrumb\":{\"@id\":\"https:\/\/www.countrylife.at\/gesundheitszentrum\/familien-newstart\/#breadcrumb\"},\"inLanguage\":\"de\",\"potentialAction\":[{\"@type\":\"ReadAction\",\"target\":[\"https:\/\/www.countrylife.at\/gesundheitszentrum\/familien-newstart\/\"]}]},{\"@type\":\"BreadcrumbList\",\"@id\":\"https:\/\/www.countrylife.at\/gesundheitszentrum\/familien-newstart\/#breadcrumb\",\"itemListElement\":[{\"@type\":\"ListItem\",\"position\":1,\"name\":\"Startseite\",\"item\":\"https:\/\/www.countrylife.at\/gesundheitszentrum\/\"},{\"@type\":\"ListItem\",\"position\":2,\"name\":\"Familien-Newstart\u00ae\"}]},{\"@type\":\"WebSite\",\"@id\":\"https:\/\/www.countrylife.at\/gesundheitszentrum\/#website\",\"url\":\"https:\/\/www.countrylife.at\/gesundheitszentrum\/\",\"name\":\"Country Life Gesundheitszentrum Mattersdorferhof\",\"description\":\"Das biblisch-christliche Gesundheitszentrum\",\"potentialAction\":[{\"@type\":\"SearchAction\",\"target\":{\"@type\":\"EntryPoint\",\"urlTemplate\":\"https:\/\/www.countrylife.at\/gesundheitszentrum\/?s={search_term_string}\"},\"query-input\":{\"@type\":\"PropertyValueSpecification\",\"valueRequired\":true,\"valueName\":\"search_term_string\"}}],\"inLanguage\":\"de\"}]}<\/script>\n<!-- \/ Yoast SEO plugin. -->","yoast_head_json":{"title":"Familien-Newstart\u00ae - Country Life Gesundheitszentrum Mattersdorferhof","robots":{"index":"index","follow":"follow","max-snippet":"max-snippet:-1","max-image-preview":"max-image-preview:large","max-video-preview":"max-video-preview:-1"},"canonical":"https:\/\/www.countrylife.at\/gesundheitszentrum\/familien-newstart\/","og_locale":"de_DE","og_type":"article","og_title":"Familien-Newstart\u00ae - Country Life Gesundheitszentrum Mattersdorferhof","og_url":"https:\/\/www.countrylife.at\/gesundheitszentrum\/familien-newstart\/","og_site_name":"Country Life Gesundheitszentrum Mattersdorferhof","article_modified_time":"2025-12-17T18:11:16+00:00","twitter_card":"summary_large_image","twitter_misc":{"Gesch\u00e4tzte Lesezeit":"2\u00a0Minuten"},"schema":{"@context":"https:\/\/schema.org","@graph":[{"@type":"WebPage","@id":"https:\/\/www.countrylife.at\/gesundheitszentrum\/familien-newstart\/","url":"https:\/\/www.countrylife.at\/gesundheitszentrum\/familien-newstart\/","name":"Familien-Newstart\u00ae - Country Life Gesundheitszentrum Mattersdorferhof","isPartOf":{"@id":"https:\/\/www.countrylife.at\/gesundheitszentrum\/#website"},"datePublished":"2020-11-25T12:25:39+00:00","dateModified":"2025-12-17T18:11:16+00:00","breadcrumb":{"@id":"https:\/\/www.countrylife.at\/gesundheitszentrum\/familien-newstart\/#breadcrumb"},"inLanguage":"de","potentialAction":[{"@type":"ReadAction","target":["https:\/\/www.countrylife.at\/gesundheitszentrum\/familien-newstart\/"]}]},{"@type":"BreadcrumbList","@id":"https:\/\/www.countrylife.at\/gesundheitszentrum\/familien-newstart\/#breadcrumb","itemListElement":[{"@type":"ListItem","position":1,"name":"Startseite","item":"https:\/\/www.countrylife.at\/gesundheitszentrum\/"},{"@type":"ListItem","position":2,"name":"Familien-Newstart\u00ae"}]},{"@type":"WebSite","@id":"https:\/\/www.countrylife.at\/gesundheitszentrum\/#website","url":"https:\/\/www.countrylife.at\/gesundheitszentrum\/","name":"Country Life Gesundheitszentrum Mattersdorferhof","description":"Das biblisch-christliche Gesundheitszentrum","potentialAction":[{"@type":"SearchAction","target":{"@type":"EntryPoint","urlTemplate":"https:\/\/www.countrylife.at\/gesundheitszentrum\/?s={search_term_string}"},"query-input":{"@type":"PropertyValueSpecification","valueRequired":true,"valueName":"search_term_string"}}],"inLanguage":"de"}]}},"_links":{"self":[{"href":"https:\/\/www.countrylife.at\/gesundheitszentrum\/wp-json\/wp\/v2\/pages\/320","targetHints":{"allow":["GET"]}}],"collection":[{"href":"https:\/\/www.countrylife.at\/gesundheitszentrum\/wp-json\/wp\/v2\/pages"}],"about":[{"href":"https:\/\/www.countrylife.at\/gesundheitszentrum\/wp-json\/wp\/v2\/types\/page"}],"author":[{"embeddable":true,"href":"https:\/\/www.countrylife.at\/gesundheitszentrum\/wp-json\/wp\/v2\/users\/1"}],"replies":[{"embeddable":true,"href":"https:\/\/www.countrylife.at\/gesundheitszentrum\/wp-json\/wp\/v2\/comments?post=320"}],"version-history":[{"count":16,"href":"https:\/\/www.countrylife.at\/gesundheitszentrum\/wp-json\/wp\/v2\/pages\/320\/revisions"}],"predecessor-version":[{"id":1992,"href":"https:\/\/www.countrylife.at\/gesundheitszentrum\/wp-json\/wp\/v2\/pages\/320\/revisions\/1992"}],"wp:attachment":[{"href":"https:\/\/www.countrylife.at\/gesundheitszentrum\/wp-json\/wp\/v2\/media?parent=320"}],"curies":[{"name":"wp","href":"https:\/\/api.w.org\/{rel}","templated":true}]}}